{"id":40414,"date":"2020-02-05T07:38:41","date_gmt":"2020-02-05T06:38:41","guid":{"rendered":"https:\/\/buzzfactory.ch\/referenzen\/"},"modified":"2021-07-27T10:32:55","modified_gmt":"2021-07-27T08:32:55","slug":"referenzen","status":"publish","type":"page","link":"https:\/\/buzzfactory.ch\/de\/referenzen\/","title":{"rendered":"Referenzen"},"content":{"rendered":"<p>[et_pb_section fb_built=&#8221;1&#8243; custom_padding_last_edited=&#8221;on|desktop&#8221; next_background_color=&#8221;#ffffff&#8221; admin_label=&#8221;Header&#8221; _builder_version=&#8221;4.0.9&#8243; background_color_gradient_direction=&#8221;130deg&#8221; background_image=&#8221;https:\/\/buzzfactory.ch\/wp-content\/uploads\/2020\/01\/testimonials.jpg&#8221; parallax=&#8221;on&#8221; custom_padding=&#8221;7vw||16vw||false|false&#8221; custom_padding_tablet=&#8221;100px||100px||true&#8221; custom_padding_phone=&#8221;||||true&#8221; bottom_divider_style=&#8221;ramp2&#8243; bottom_divider_height=&#8221;250px&#8221; bottom_divider_flip=&#8221;horizontal&#8221; bottom_divider_height_tablet=&#8221;150px&#8221; bottom_divider_height_phone=&#8221;110px&#8221; bottom_divider_height_last_edited=&#8221;on|phone&#8221; saved_tabs=&#8221;all&#8221; locked=&#8221;off&#8221;][et_pb_row _builder_version=&#8221;3.27.1&#8243; background_color=&#8221;rgba(239,92,50,0.78)&#8221; module_alignment=&#8221;center&#8221;][et_pb_column type=&#8221;4_4&#8243; _builder_version=&#8221;3.0.47&#8243; custom_padding=&#8221;|||&#8221; custom_padding__hover=&#8221;|||&#8221;][et_pb_text _builder_version=&#8221;3.27.4&#8243; text_font=&#8221;Roboto||||||||&#8221; text_font_size=&#8221;16px&#8221; text_line_height=&#8221;1.8em&#8221; header_font=&#8221;Roboto|700|||||||&#8221; header_text_align=&#8221;center&#8221; header_font_size=&#8221;80px&#8221; header_line_height=&#8221;1.2em&#8221; header_3_font=&#8221;Roboto|700||on|||||&#8221; header_3_text_align=&#8221;center&#8221; header_3_text_color=&#8221;#ffffff&#8221; header_3_font_size=&#8221;24px&#8221; header_3_letter_spacing=&#8221;10px&#8221; header_3_line_height=&#8221;2em&#8221; text_orientation=&#8221;center&#8221; background_layout=&#8221;dark&#8221; module_alignment=&#8221;center&#8221; custom_margin=&#8221;-39px||-5px|||&#8221; custom_padding=&#8221;30px|||||&#8221; text_font_size_last_edited=&#8221;off|desktop&#8221; header_font_size_tablet=&#8221;40px&#8221; header_font_size_phone=&#8221;32px&#8221; header_font_size_last_edited=&#8221;on|phone&#8221; header_3_font_size_tablet=&#8221;16px&#8221; header_3_font_size_phone=&#8221;14px&#8221; header_3_font_size_last_edited=&#8221;on|phone&#8221; header_3_letter_spacing_tablet=&#8221;5px&#8221; header_3_letter_spacing_phone=&#8221;&#8221; header_3_letter_spacing_last_edited=&#8221;on|tablet&#8221;]<\/p>\n<h1>Was unsere Kunden sagen<\/h1>\n<p>[\/et_pb_text][\/et_pb_column][\/et_pb_row][et_pb_row _builder_version=&#8221;3.27.1&#8243;][et_pb_column type=&#8221;4_4&#8243; _builder_version=&#8221;3.27.1&#8243;][et_pb_button button_url=&#8221;https:\/\/buzzfactory.ch\/de\/kontaktiere-uns\/&#8221; button_text=&#8221;Lassen Sie uns dar\u00fcber reden&#8221; button_alignment=&#8221;center&#8221; _builder_version=&#8221;4.0.7&#8243; custom_button=&#8221;on&#8221; button_text_size=&#8221;14px&#8221; button_text_color=&#8221;#ef5c32&#8243; button_bg_color=&#8221;#ffffff&#8221; button_bg_color_gradient_start=&#8221;#f92c8b&#8221; button_bg_color_gradient_end=&#8221;#b02cd6&#8243; button_bg_color_gradient_direction=&#8221;90deg&#8221; button_border_width=&#8221;0px&#8221; button_border_color=&#8221;rgba(0,0,0,0)&#8221; button_border_radius=&#8221;4px&#8221; button_letter_spacing=&#8221;5px&#8221; button_font=&#8221;Roboto|700||on|||||&#8221; background_layout=&#8221;dark&#8221; custom_margin=&#8221;|||&#8221; custom_padding=&#8221;18px|34px|18px|34px|true|true&#8221; box_shadow_style=&#8221;preset3&#8243; box_shadow_vertical=&#8221;20px&#8221; box_shadow_blur=&#8221;30px&#8221; box_shadow_spread=&#8221;-10px&#8221; box_shadow_color=&#8221;rgba(249,44,139,0.4)&#8221; button_letter_spacing_hover=&#8221;5.5px&#8221; button_text_size__hover_enabled=&#8221;off&#8221; button_text_size__hover=&#8221;null&#8221; button_one_text_size__hover_enabled=&#8221;off&#8221; button_one_text_size__hover=&#8221;null&#8221; button_two_text_size__hover_enabled=&#8221;off&#8221; button_two_text_size__hover=&#8221;null&#8221; button_text_color__hover_enabled=&#8221;off&#8221; button_text_color__hover=&#8221;null&#8221; button_one_text_color__hover_enabled=&#8221;off&#8221; button_one_text_color__hover=&#8221;null&#8221; button_two_text_color__hover_enabled=&#8221;off&#8221; button_two_text_color__hover=&#8221;null&#8221; button_border_width__hover_enabled=&#8221;off&#8221; button_border_width__hover=&#8221;null&#8221; button_one_border_width__hover_enabled=&#8221;off&#8221; button_one_border_width__hover=&#8221;null&#8221; button_two_border_width__hover_enabled=&#8221;off&#8221; button_two_border_width__hover=&#8221;null&#8221; button_border_color__hover_enabled=&#8221;off&#8221; button_border_color__hover=&#8221;null&#8221; button_one_border_color__hover_enabled=&#8221;off&#8221; button_one_border_color__hover=&#8221;null&#8221; button_two_border_color__hover_enabled=&#8221;off&#8221; button_two_border_color__hover=&#8221;null&#8221; button_border_radius__hover_enabled=&#8221;off&#8221; button_border_radius__hover=&#8221;null&#8221; button_one_border_radius__hover_enabled=&#8221;off&#8221; button_one_border_radius__hover=&#8221;null&#8221; button_two_border_radius__hover_enabled=&#8221;off&#8221; button_two_border_radius__hover=&#8221;null&#8221; button_letter_spacing__hover_enabled=&#8221;on&#8221; button_letter_spacing__hover=&#8221;5.5px&#8221; button_one_letter_spacing__hover_enabled=&#8221;off&#8221; button_one_letter_spacing__hover=&#8221;null&#8221; button_two_letter_spacing__hover_enabled=&#8221;off&#8221; button_two_letter_spacing__hover=&#8221;null&#8221; button_bg_color__hover_enabled=&#8221;off&#8221; button_bg_color__hover=&#8221;null&#8221; button_one_bg_color__hover_enabled=&#8221;off&#8221; button_one_bg_color__hover=&#8221;null&#8221; button_two_bg_color__hover_enabled=&#8221;off&#8221; button_two_bg_color__hover=&#8221;null&#8221;]<br \/>\n[\/et_pb_button][\/et_pb_column][\/et_pb_row][\/et_pb_section][et_pb_section fb_built=&#8221;1&#8243; _builder_version=&#8221;3.27.1&#8243; custom_padding=&#8221;||0px|||&#8221;][et_pb_row _builder_version=&#8221;3.27.1&#8243;][et_pb_column type=&#8221;4_4&#8243; _builder_version=&#8221;3.27.1&#8243;][et_pb_text _builder_version=&#8221;3.27.4&#8243; text_font=&#8221;||||||||&#8221; text_font_size=&#8221;16px&#8221; text_line_height=&#8221;2em&#8221; ul_font=&#8221;||||||||&#8221; header_font=&#8221;||||||||&#8221; header_2_font=&#8221;Roboto|700|||||||&#8221; header_2_font_size=&#8221;45px&#8221; header_2_line_height=&#8221;1.2em&#8221; header_3_font=&#8221;||||||||&#8221; max_width=&#8221;800px&#8221; max_width_last_edited=&#8221;off|desktop&#8221; module_alignment=&#8221;center&#8221; custom_margin=&#8221;|||&#8221; custom_padding=&#8221;|||&#8221; header_2_font_size_tablet=&#8221;35px&#8221; header_2_font_size_phone=&#8221;28px&#8221; header_2_font_size_last_edited=&#8221;on|desktop&#8221; locked=&#8221;off&#8221;]<\/p>\n<h2>Suchen Sie einen Grund f\u00fcr eine Partnerschaft mit Buzz Factory? <span style=\"color: #ed5b36;\">Hier weitere Argumente<\/span><\/h2>\n<p>[\/et_pb_text][\/et_pb_column][\/et_pb_row][\/et_pb_section][et_pb_section fb_built=&#8221;1&#8243; _builder_version=&#8221;3.27.1&#8243;][et_pb_row _builder_version=&#8221;4.9.7&#8243; hover_enabled=&#8221;0&#8243; sticky_enabled=&#8221;0&#8243;][et_pb_column type=&#8221;4_4&#8243; _builder_version=&#8221;3.27.1&#8243;][et_pb_testimonial author=&#8221;Bertrand Duperrex&#8221; job_title=&#8221;Eigent\u00fcmer &amp; CEO&#8221; company_name=&#8221;@ET-DC@eyJkeW5hbWljIjp0cnVlLCJjb250ZW50IjoicG9zdF9saW5rIiwic2V0dGluZ3MiOnsiYmVmb3JlIjoiIiwiYWZ0ZXIiOiIiLCJ0ZXh0IjoiY3VzdG9tIiwiY3VzdG9tX3RleHQiOiJGaXRuZXNzIExhIFRvdXIifX0=@&#8221; url=&#8221;https:\/\/www.fitnesslatour.ch\/&#8221; url_new_window=&#8221;on&#8221; portrait_url=&#8221;https:\/\/buzzfactory.ch\/wp-content\/uploads\/2021\/07\/fitness-la-tour.png&#8221; quote_icon_background_color=&#8221;#ed5b36&#8243; _builder_version=&#8221;4.9.7&#8243; body_font=&#8221;||||||||&#8221; background_color=&#8221;#ed5b36&#8243; background_layout=&#8221;dark&#8221; hover_enabled=&#8221;0&#8243; _dynamic_attributes=&#8221;company_name&#8221; sticky_enabled=&#8221;0&#8243; alt=&#8221;Fitness La Tour &#8211; Buzz Factory&#8221; title_text=&#8221;fitness la tour&#8221;]<\/p>\n<p>Unsere alte Website war veraltet und entsprach nicht mehr unseren Anforderungen. Nachdem wir verschiedene Alternativen studiert hatten, entschieden wir uns f\u00fcr Buzz Factory, die uns ein Produkt lieferte, das unsere Anforderungen perfekt erf\u00fcllte und f\u00fcr unsere Art von Gesch\u00e4ft perfekt geeignet war. Ein aufmerksames und professionelles Zuh\u00f6ren, eine Suche nach innovativen und angepassten L\u00f6sungen, eine Verf\u00fcgbarkeit in allen Momenten, ein Respekt sowohl vor dem Budget als auch vor den Fristen sind Elemente, die hervorzuheben sind. Die Website ist jetzt in Betrieb und wir wissen, dass wir auf einen schnellen und effizienten Kundendienst z\u00e4hlen k\u00f6nnen. Ein Unternehmen zum Weiterempfehlen! Vielen Dank f\u00fcr alles.<\/p>\n<p>[\/et_pb_testimonial][et_pb_testimonial author=&#8221;Marc Brunner&#8221; job_title=&#8221;Verkaufsleiter&#8221; company_name=&#8221;Moons Chainstore&#8221; url=&#8221;https:\/\/moons.ch\/&#8221; url_new_window=&#8221;on&#8221; portrait_url=&#8221;https:\/\/buzzfactory.ch\/wp-content\/uploads\/2019\/10\/Logo_Portfolio-4-1-800&#215;480.png&#8221; _builder_version=&#8221;4.0.7&#8243; hover_enabled=&#8221;0&#8243; company_name__hover_enabled=&#8221;off|desktop&#8221; sticky_enabled=&#8221;0&#8243;]<\/p>\n<p class=\"testimonial-text\">Vielen Dank f\u00fcr die gro\u00dfartige Arbeit an unserer Website Buzz Factory. Wir sind auf kein einziges Problem gesto\u00dfen, das Ihr Team nicht l\u00f6sen konnte. Sie sind immer erreichbar und dank Ihrer Hilfe funktioniert unsere Website perfekt und w\u00e4chst von Tag zu Tag. Dank Ihrer einfachen und pr\u00e4zisen Erkl\u00e4rungen k\u00f6nnen wir die Tools im Admin mit einfachen Grundkenntnissen nutzen, wir sind begeistert. Nochmals vielen Dank an das ganze Team!<\/p>\n<p>[\/et_pb_testimonial][et_pb_testimonial author=&#8221;Janan Shakur-Kilcher&#8221; job_title=&#8221;CEO&#8221; company_name=&#8221;Cospire Coworking&#8221; url=&#8221;https:\/\/cospire.work\/&#8221; url_new_window=&#8221;on&#8221; portrait_url=&#8221;https:\/\/buzzfactory.ch\/wp-content\/uploads\/2020\/11\/4.png&#8221; quote_icon_background_color=&#8221;#ed5b36&#8243; _builder_version=&#8221;4.6.5&#8243; body_font=&#8221;||||||||&#8221; background_color=&#8221;#ed5b36&#8243; background_layout=&#8221;dark&#8221;]<\/p>\n<p><span style=\"font-weight: 400;\">Es war eine gro\u00dfartige Erfahrung mit Buzz Factory zusammenzuarbeiten. Das Team gab uns klare Vorschl\u00e4ge, wie wir unser SEO-Ranking verbessern k\u00f6nnen und wie wir den Umsatz von Website-Besuchern steigern k\u00f6nnen. Ich sch\u00e4tzte die Flexibilit\u00e4t, den Humor, die Beratung und die Professionalit\u00e4t des Teams und es war eine Freude mit ihnen zu arbeiten. Ich w\u00fcrde Buzz Factory anderen Unternehmern empfehlen, die daran interessiert sind, ihre Online-Pr\u00e4senz zu verbessern.<\/span><\/p>\n<p>[\/et_pb_testimonial][et_pb_testimonial author=&#8221;Sylvia Zihna Gelton&#8221; job_title=&#8221;Inhaberin&#8221; company_name=&#8221;TEIA Education&#8221; url=&#8221;http:\/\/teiaeducation.ch&#8221; url_new_window=&#8221;on&#8221; portrait_url=&#8221;https:\/\/buzzfactory.ch\/wp-content\/uploads\/2020\/11\/3.png&#8221; _builder_version=&#8221;4.6.5&#8243; company_name__hover_enabled=&#8221;off|desktop&#8221;]<\/p>\n<p><span style=\"font-weight: 400;\">Ich mag Buzz Factory, da das Team sehr professionell ist und viel Erfahrung auf seinem Gebiet hat. Ich hatte die Gelegenheit mit dem Team zu sprechen und sie haben mich in Bezug auf meine Webseite und verschiedenen andere Aspekten der Online-Pr\u00e4senz meines Unternehmens beraten. Sie gaben mir viele Informationen, was mich viel Zeit gekostet h\u00e4tte, diese selber zu finden und zu analysieren. (Man kann eine F\u00fclle von Informationen finden aber leider ist es schwer festzustellen, ob Informationen n\u00fctzlich sind, da sich heutzutage jeder im Internet als Spezialist bezeichnen kann.) Ich bin beeindruckt von ihrem Wissen, das sie durch ihre Arbeit f\u00fcr f\u00fchrende Technologieunternehmen erworben haben. Sie sind gut informiert und schaffen es, pr\u00e4gnantes Feedback zu geben. Ich betrachte sie als Insider, die \u00fcber echte Erfahrung verf\u00fcgen, um dies zu untermauern.<\/span><\/p>\n<p><span style=\"font-weight: 400;\">Ich w\u00fcrde Buzz Factory absolut jedem Unternehmer empfehlen! Mir gef\u00e4llt, dass Buzz Factory auch der Ansicht ist, dass die Budgets f\u00fcr kleinere Unternehmen knapp bemessen sein k\u00f6nnen und sie wettbewerbsf\u00e4higere Preise anbieten. Ich danke Ihnen vielmals!<\/span><\/p>\n<p>[\/et_pb_testimonial][et_pb_testimonial author=&#8221;Ya&#8217;ara Segal&#8221; job_title=&#8221;CEO&#8221; company_name=&#8221;Radiance Coaching&#8221; url=&#8221;https:\/\/www.radiancecoaching.net\/&#8221; url_new_window=&#8221;on&#8221; quote_icon_background_color=&#8221;#ed5b36&#8243; _builder_version=&#8221;4.6.5&#8243; body_font=&#8221;||||||||&#8221; background_color=&#8221;#ed5b36&#8243; background_layout=&#8221;dark&#8221;]<\/p>\n<p><span style=\"font-weight: 400;\">Die Arbeit mit Buzz Factory war eine so wunderbare und unterhaltsame Erfahrung. Mein Kundenbetreuer hat wirklich auf meine gesch\u00e4ftlichen Bed\u00fcrfnisse, W\u00fcnsche und Ideen geh\u00f6rt, war freundlich und professionell. Er machte gro\u00dfartige Vorschl\u00e4ge zu meiner Webseite und passte sie an mein Produkt und meine W\u00fcnsche an. Die Zusammenarbeit mit Buzz Factory erm\u00f6glichte es mir, meine Webseite mit einem professionellen Aussehen zu meiner eigenen zu machen. Dieser Prozess hat mir geholfen zu verstehen, was meine Kunden suchen k\u00f6nnten und wie ich das besser angehen kann. Ich m\u00f6chte die Zusammenarbeit mit BUZZ FACTORY jedem Gesch\u00e4ftsinhaber empfehlen, der seine digitale Pr\u00e4senz verbessern m\u00f6chte.<\/span><\/p>\n<p>[\/et_pb_testimonial][et_pb_testimonial author=&#8221;Justyna Wojewoda-Chakraborty&#8221; job_title=&#8221;Mitbegr\u00fcnderin&#8221; company_name=&#8221;Flow Village&#8221; url=&#8221;http:\/\/flowvillage.ch&#8221; url_new_window=&#8221;on&#8221; portrait_url=&#8221;https:\/\/buzzfactory.ch\/wp-content\/uploads\/2020\/11\/2.png&#8221; _builder_version=&#8221;4.6.5&#8243; company_name__hover_enabled=&#8221;off|desktop&#8221;]<\/p>\n<p><span style=\"font-weight: 400;\">Was ich an Ihrer Agentur am meisten sch\u00e4tze ist, dass Sie nicht nur strategische Ratschl\u00e4ge geben, sondern auch sehr konkrete und direkte Verbesserungsvorschl\u00e4ge machen. Sie haben darauf hingewiesen wo die Schwachstelle in unserem Kaufprozess liegen k\u00f6nnte. Wir freuen uns nun darauf, die vorgeschlagenen \u00c4nderungen umzusetzen um zu sehen, welche Ergebnisse das bringen wird. Ich w\u00fcrde jedem Kleinunternehmen empfehlen, mit Buzz Factory zusammenzuarbeiten. Es bietet eine neue Perspektive auf das Unternehmen mit einer Dosis von direkten und greifbaren Verbesserungsvorschl\u00e4gen. <\/span><br \/><span style=\"font-weight: 400;\"><br \/>Ich w\u00fcrde Buzz Factory absolut jedem Unternehmer empfehlen! Mir gef\u00e4llt, dass Buzz Factory auch der Ansicht ist, dass die Budgets f\u00fcr kleinere Unternehmen knapp bemessen sein k\u00f6nnen und sie wettbewerbsf\u00e4higere Preise anbieten. Ich danke Ihnen vielmals!<\/span><\/p>\n<p>[\/et_pb_testimonial][et_pb_testimonial author=&#8221;Florence Rondeau&#8221; job_title=&#8221;CEO&#8221; company_name=&#8221;Alpes du Sud&#8221; url=&#8221;https:\/\/alpesdusud.ch\/&#8221; url_new_window=&#8221;on&#8221; portrait_url=&#8221;https:\/\/buzzfactory.ch\/wp-content\/uploads\/2019\/10\/Logo_Portfolio-2-1-800&#215;480.png&#8221; quote_icon_background_color=&#8221;#ed5b36&#8243; _builder_version=&#8221;4.0.7&#8243; body_font=&#8221;||||||||&#8221; background_color=&#8221;#ed5b36&#8243; background_layout=&#8221;dark&#8221;]<\/p>\n<p class=\"testimonial-text\"><span style=\"color: #ffffff;\">Das Buzz Factory Team ist sehr professionell, jeder Zeit verf\u00fcgbar und aufmerksam. Sie konnten meine Erwartungen verstehen, wussten meine Fragen zu beantworten und boten mir Ratschl\u00e4ge zu Themen an, \u00fcber die ich noch nicht nachgedacht hatte. Ich bin sehr zufrieden mit ihrer Arbeit und empfehle sie w\u00e4rmstens weiter. Ich werde nicht z\u00f6gern, mit ihnen in der Zukunft wieder zusammen zu arbeiten.<\/span><\/p>\n<p>[\/et_pb_testimonial][et_pb_testimonial author=&#8221;Marcel Auf der Aur&#8221; job_title=&#8221;Executive Director&#8221; company_name=&#8221;CO-OPERAID&#8221; url=&#8221;http:\/\/www.co-operaid.ch&#8221; url_new_window=&#8221;on&#8221; portrait_url=&#8221;https:\/\/buzzfactory.ch\/wp-content\/uploads\/2019\/12\/1-1.png&#8221; _builder_version=&#8221;4.0.9&#8243; company_name__hover_enabled=&#8221;off|desktop&#8221;]<\/p>\n<p>Das Team von Buzz Factory empfinde ich als unkompliziert und zielorientiert. Mit gro\u00dfem Engagement haben sie eine Adwords-Kampagne f\u00fcr CO-OPERAID gestartet. Vielen Dank f\u00fcr die Unterst\u00fctzung!<\/p>\n<p>[\/et_pb_testimonial][et_pb_testimonial author=&#8221;Julio Caceres&#8221; job_title=&#8221;CEO&#8221; company_name=&#8221;Jafpro&#8221; url=&#8221;https:\/\/jafpro.ch\/&#8221; url_new_window=&#8221;on&#8221; portrait_url=&#8221;https:\/\/buzzfactory.ch\/wp-content\/uploads\/2019\/12\/2-1.png&#8221; quote_icon_background_color=&#8221;#ed5b36&#8243; _builder_version=&#8221;4.6.5&#8243; body_font=&#8221;||||||||&#8221; background_color=&#8221;#ed5b36&#8243; background_layout=&#8221;dark&#8221;]<\/p>\n<p class=\"testimonial-text\"><span style=\"color: #ffffff;\">Die Seite ist gut durchdacht, sie ist benutzerfreundlich und hilft, Bestellungen schnell und einfach zu t\u00e4tigen. Wichtig ist, dass das Projekt innerhalb des festgelegten Zeitrahmens geliefert wurde. Das Design ist absolut ph\u00e4nomenal! Der Preis ist sehr vern\u00fcnftig. Die Kommunikation verlief sehr gut und ich erhielt wertvolle Ratschl\u00e4ge, die mehrere M\u00f6glichkeiten er\u00f6ffneten. Das neue Branding ist gro\u00dfartig, Das neue Branding ist gro\u00dfartig, auf einer Skala von 1 bis 10 gebe ich ihm eine 10!<\/span><\/p>\n<p>[\/et_pb_testimonial][et_pb_testimonial author=&#8221;Nicole Pfaffen&#8221; job_title=&#8221;Sales &amp; Marketing Manager&#8221; company_name=&#8221;GoToClass.ch&#8221; url=&#8221;http:\/\/gotoclass.ch\/&#8221; url_new_window=&#8221;on&#8221; portrait_url=&#8221;https:\/\/buzzfactory.ch\/wp-content\/uploads\/2019\/10\/Logo_Portfolio-13-1-800&#215;480.png&#8221; _builder_version=&#8221;4.6.5&#8243;]<\/p>\n<p class=\"testimonial-text\">Sie kennen sich mit digitalem Marketing sehr gut aus! Die Kommunikation war sehr gut und die technischen F\u00e4higkeiten des Teams waren hervorragend.<\/p>\n<p>[\/et_pb_testimonial][et_pb_testimonial author=&#8221;Clover Lewis&#8221; job_title=&#8221;CEO&#8221; company_name=&#8221;Clover Lewis Swimwear&#8221; url=&#8221;https:\/\/www.cloverlewis.com\/&#8221; url_new_window=&#8221;on&#8221; portrait_url=&#8221;https:\/\/buzzfactory.ch\/wp-content\/uploads\/2019\/10\/12.png&#8221; quote_icon_background_color=&#8221;#ed5b36&#8243; _builder_version=&#8221;4.4.4&#8243; body_font=&#8221;||||||||&#8221; background_color=&#8221;#ed5b36&#8243; background_layout=&#8221;dark&#8221;]<\/p>\n<p>Ich habe Ihre F\u00e4higkeit gefunden, L\u00f6sungen f\u00fcr Marketingprobleme zu finden, die ich habe. Sie konnten mir helfen, den Wert zu erkennen, den ich bereits f\u00fcr meine aufstrebende Marke hatte, und wie ich mein Fachwissen aus meinem vorherigen Gesch\u00e4ft nutzen konnte, um Glaubw\u00fcrdigkeit f\u00fcr mein neues Unternehmen aufzubauen. Ohne Zweifel w\u00fcrde ich Buzz Factory empfehlen! Ihre lockere Art passt gut zu ihrer Professionalit\u00e4t. Es war klar, dass sie Meister des digitalen Marketings sind. Ich habe viele praktische und umsetzbare Hinweise f\u00fcr mein Unternehmen erhalten. Mir hat besonders gut gefallen wie viel Erfahrung sie mit Start-ups hatten, was sich in der Unterst\u00fctzung niederschlug die sie mir gaben. Ich w\u00fcrde Sie ermutigen, mit ihnen zusammenzuarbeiten, wenn Sie einen intensiven Nutzen erhalten m\u00f6chten. Ich freue mich darauf, in naher Zukunft wieder mit ihnen zu arbeiten!<\/p>\n<p>[\/et_pb_testimonial][et_pb_testimonial author=&#8221;Marie-Noelle Sauder&#8221; job_title=&#8221;Associated Director&#8221; company_name=&#8221;IDFI&#8221; url=&#8221;http:\/\/idfi.ch\/fr\/accueil\/&#8221; url_new_window=&#8221;on&#8221; portrait_url=&#8221;https:\/\/buzzfactory.ch\/wp-content\/uploads\/2019\/10\/Logo_Portfolio-10-1-800&#215;480.png&#8221; _builder_version=&#8221;4.0.7&#8243;]<\/p>\n<p class=\"testimonial-text\">Wir best\u00e4tigen, dass wir bei der Gestaltung unserer Kommunikationstr\u00e4gern mit Buzz Factory S\u00e0rl zusammengearbeitet haben. Wir sind dem Buzz Factory Team sehr dankbar f\u00fcr das Resultat. Sie haben gro\u00dfartige Arbeit mit unserem Logo und unseren Visitenkarten geleistet. Das Team ist immer verf\u00fcgbar, wusste unsere Erwartungen zu verstehen und bietet sehr kreative L\u00f6sungen an, um unsere Anforderungen zu erf\u00fcllen. Wir sind sehr zufrieden mit ihrer Arbeit und empfehlen ihren Service w\u00e4rmstens. Wir werden auch in Zukunft mit ihnen zusammenarbeiten.<\/p>\n<p>[\/et_pb_testimonial][et_pb_testimonial author=&#8221;Deborah Hladecek&#8221; job_title=&#8221;Gr\u00fcnderin&#8221; company_name=&#8221;The Clary Sage&#8221; url=&#8221;http:\/\/www.theclarysage.com&#8221; url_new_window=&#8221;on&#8221; portrait_url=&#8221;https:\/\/buzzfactory.ch\/wp-content\/uploads\/2019\/12\/4-1.png&#8221; quote_icon_background_color=&#8221;#ed5b36&#8243; _builder_version=&#8221;4.0.9&#8243; body_font=&#8221;||||||||&#8221; background_color=&#8221;#ed5b36&#8243; background_layout=&#8221;dark&#8221;]<\/p>\n<p class=\"testimonial-text\"><span>Es war eine Freude und Erleichterung mit Buzz Factory zu arbeiten. Wo ich Schwierigkeiten hatte, meinen Webshop einzurichten, kamen sie zuversichtlich herein und k\u00fcmmerten sich um die Einrichtung der Abrechnung, so dass ich mich auf andere Aspekte meines Gesch\u00e4fts konzentrieren konnte. Sie kommunizierten bei jedem Schritt und brachten mich effizient und effektiv in k\u00fcrzester Zeit zum Laufen. Ich empfehle Buzz Factory auf jeden Fall und werde mich f\u00fcr andere Dienste wieder melden. <\/span><\/p>\n<p>[\/et_pb_testimonial][et_pb_testimonial author=&#8221;Thao Ho&#8221; job_title=&#8221;Mitbegr\u00fcnderin&#8221; company_name=&#8221;eatshomemade&#8221; url=&#8221;http:\/\/eatshomemade.ch&#8221; url_new_window=&#8221;on&#8221; portrait_url=&#8221;https:\/\/buzzfactory.ch\/wp-content\/uploads\/2020\/11\/5.png&#8221; _builder_version=&#8221;4.6.5&#8243;]<\/p>\n<p class=\"testimonial-text\"><span style=\"font-weight: 400;\">Ich w\u00fcrde die Buzz Factory anderen Unternehmen w\u00e4rmstens empfehlen. Das Personal ist wirklich freundlich und entgegenkommend. Das Absprechen von Beratungsterminen, z.B. Zeit, Thema, Tools, ist immer so flexibel und bequem f\u00fcr vielbesch\u00e4ftigte Kunden. Ich habe einige ausgezeichnete Ratschl\u00e4ge von ihnen erhalten, zum Beispiel wie man unsere Webseite verbessern kann.<\/span><\/p>\n<p>[\/et_pb_testimonial][et_pb_testimonial author=&#8221;Lucie Bradlova&#8221; job_title=&#8221;Gr\u00fcnderin&#8221; company_name=&#8221;Naturprodukte Bradlova &#8211; SimLife&#8221; url=&#8221;https:\/\/simlife.ch\/&#8221; url_new_window=&#8221;on&#8221; portrait_url=&#8221;https:\/\/buzzfactory.ch\/wp-content\/uploads\/2020\/11\/1.png&#8221; quote_icon_background_color=&#8221;#ed5b36&#8243; _builder_version=&#8221;4.6.5&#8243; body_font=&#8221;||||||||&#8221; background_color=&#8221;#ed5b36&#8243; background_layout=&#8221;dark&#8221;]<\/p>\n<p><span style=\"font-weight: 400;\">Das Team war sehr hilfreich. Sie haben herausgefunden, was meine Webseite braucht, um Traffic und ein verbessertes Nutzererlebnis zu erzeugen, was zu zufriedenen, wiederkehrenden Kunden f\u00fchren sollte. Sie waren direkt, aber freundlich und erkl\u00e4rten die technischen Aspekte auf eine Weise, die ich verstand. Vielen Dank!!!!<\/span><\/p>\n<p>[\/et_pb_testimonial][et_pb_testimonial author=&#8221;Chlo\u00e9&#8221; job_title=&#8221;Mitbegr\u00fcnderin&#8221; company_name=&#8221;Luxcils Shop&#8221; url_new_window=&#8221;on&#8221; _builder_version=&#8221;4.6.5&#8243;]<\/p>\n<p><span style=\"font-weight: 400;\">Wir sch\u00e4tzten den Kundenservice und das sehr gute Zuh\u00f6ren sehr. Das Team von Buzz Factory verstand schnell die Anforderungen die wir hatten und nahm sich die Zeit, uns zu beraten. Das Design unseres Shops wurde mit Perfektion ausgef\u00fchrt. Wir hatten diese Arbeit nicht erwartet. Sie lieferten viel mehr als erwartet. Wir empfehlen Buzz Factory sowohl f\u00fcr erfahrene Unternehmer als auch f\u00fcr Anf\u00e4nger.<\/span><\/p>\n<p>[\/et_pb_testimonial][\/et_pb_column][\/et_pb_row][\/et_pb_section]<\/p>\n","protected":false},"excerpt":{"rendered":"<p>Was unsere Kunden sagen Suchen Sie einen Grund f\u00fcr eine Partnerschaft mit Buzz Factory? Hier weitere ArgumenteUnsere alte Website war veraltet und entsprach nicht mehr unseren Anforderungen. Nachdem wir verschiedene Alternativen studiert hatten, entschieden wir uns f\u00fcr Buzz Factory, die uns ein Produkt lieferte, das unsere Anforderungen perfekt erf\u00fcllte und f\u00fcr unsere Art von Gesch\u00e4ft [&hellip;]<\/p>\n","protected":false},"author":114,"featured_media":0,"parent":0,"menu_order":0,"comment_status":"closed","ping_status":"closed","template":"","meta":{"_et_pb_use_builder":"on","_et_pb_old_content":"","_et_gb_content_width":"","footnotes":""},"class_list":["post-40414","page","type-page","status-publish","hentry"],"_links":{"self":[{"href":"https:\/\/buzzfactory.ch\/de\/wp-json\/wp\/v2\/pages\/40414","targetHints":{"allow":["GET"]}}],"collection":[{"href":"https:\/\/buzzfactory.ch\/de\/wp-json\/wp\/v2\/pages"}],"about":[{"href":"https:\/\/buzzfactory.ch\/de\/wp-json\/wp\/v2\/types\/page"}],"author":[{"embeddable":true,"href":"https:\/\/buzzfactory.ch\/de\/wp-json\/wp\/v2\/users\/114"}],"replies":[{"embeddable":true,"href":"https:\/\/buzzfactory.ch\/de\/wp-json\/wp\/v2\/comments?post=40414"}],"version-history":[{"count":0,"href":"https:\/\/buzzfactory.ch\/de\/wp-json\/wp\/v2\/pages\/40414\/revisions"}],"wp:attachment":[{"href":"https:\/\/buzzfactory.ch\/de\/wp-json\/wp\/v2\/media?parent=40414"}],"curies":[{"name":"wp","href":"https:\/\/api.w.org\/{rel}","templated":true}]}}