{"id":51317,"date":"2021-08-07T11:11:32","date_gmt":"2021-08-07T09:11:32","guid":{"rendered":"https:\/\/buzzfactory.ch\/register\/"},"modified":"2021-08-07T11:11:36","modified_gmt":"2021-08-07T09:11:36","slug":"register","status":"publish","type":"page","link":"https:\/\/buzzfactory.ch\/de\/register\/","title":{"rendered":"Register"},"content":{"rendered":"<p>[et_pb_section fb_built=&#8221;1&#8243; custom_padding_last_edited=&#8221;on|desktop&#8221; next_background_color=&#8221;#ffffff&#8221; admin_label=&#8221;Header&#8221; _builder_version=&#8221;3.27.1&#8243; background_color_gradient_direction=&#8221;130deg&#8221; background_image=&#8221;https:\/\/buzzfactory.ch\/wp-content\/uploads\/2019\/11\/african-american-african-descent-american-asian-black-casual-1444755-pxhere.com_.jpg&#8221; parallax=&#8221;on&#8221; custom_padding=&#8221;7vw||10vw||false|false&#8221; custom_padding_tablet=&#8221;100px||100px||true&#8221; custom_padding_phone=&#8221;||||true&#8221; bottom_divider_style=&#8221;ramp2&#8243; bottom_divider_height=&#8221;250px&#8221; bottom_divider_flip=&#8221;horizontal&#8221; bottom_divider_height_tablet=&#8221;150px&#8221; bottom_divider_height_phone=&#8221;110px&#8221; bottom_divider_height_last_edited=&#8221;on|phone&#8221; saved_tabs=&#8221;all&#8221;][et_pb_row _builder_version=&#8221;3.27.1&#8243; background_color=&#8221;rgba(237,91,54,0.77)&#8221; custom_padding=&#8221;||7px|||&#8221; hover_enabled=&#8221;0&#8243; sticky_enabled=&#8221;0&#8243;][et_pb_column type=&#8221;4_4&#8243; _builder_version=&#8221;3.0.47&#8243; custom_padding=&#8221;|||&#8221; custom_padding__hover=&#8221;|||&#8221;][et_pb_text _builder_version=&#8221;4.9.10&#8243; text_font=&#8221;Roboto||||||||&#8221; text_font_size=&#8221;16px&#8221; text_line_height=&#8221;1.8em&#8221; header_font=&#8221;Roboto|700|||||||&#8221; header_text_align=&#8221;center&#8221; header_font_size=&#8221;80px&#8221; header_line_height=&#8221;1.2em&#8221; header_3_font=&#8221;Roboto|700||on|||||&#8221; header_3_text_align=&#8221;center&#8221; header_3_text_color=&#8221;#ffffff&#8221; header_3_font_size=&#8221;24px&#8221; header_3_letter_spacing=&#8221;10px&#8221; header_3_line_height=&#8221;2em&#8221; text_orientation=&#8221;center&#8221; background_layout=&#8221;dark&#8221; module_alignment=&#8221;center&#8221; custom_margin=&#8221;-16px|||||&#8221; hover_enabled=&#8221;0&#8243; text_font_size_last_edited=&#8221;off|desktop&#8221; header_font_size_tablet=&#8221;40px&#8221; header_font_size_phone=&#8221;32px&#8221; header_font_size_last_edited=&#8221;on|phone&#8221; header_3_font_size_tablet=&#8221;16px&#8221; header_3_font_size_phone=&#8221;14px&#8221; header_3_font_size_last_edited=&#8221;on|phone&#8221; header_3_letter_spacing_tablet=&#8221;5px&#8221; header_3_letter_spacing_phone=&#8221;&#8221; header_3_letter_spacing_last_edited=&#8221;on|tablet&#8221; sticky_enabled=&#8221;0&#8243;]<\/p>\n<h1><strong>Registrieren<\/strong><\/h1>\n<p>[\/et_pb_text][\/et_pb_column][\/et_pb_row][\/et_pb_section][et_pb_section fb_built=&#8221;1&#8243; _builder_version=&#8221;4.9.7&#8243; custom_padding=&#8221;0px||0px||false|false&#8221;][et_pb_row _builder_version=&#8221;4.9.7&#8243; background_size=&#8221;initial&#8221; background_position=&#8221;top_left&#8221; background_repeat=&#8221;repeat&#8221; custom_padding=&#8221;||0px||false|false&#8221;][et_pb_column type=&#8221;4_4&#8243; _builder_version=&#8221;3.25&#8243; custom_padding=&#8221;|||&#8221; custom_padding__hover=&#8221;|||&#8221;][et_pb_code _builder_version=&#8221;4.9.10&#8243; _module_preset=&#8221;default&#8221; hover_enabled=&#8221;0&#8243; sticky_enabled=&#8221;0&#8243;]<div class=\"woocommerce-notices-wrapper\"><\/div>\n<div id=\"otp-popup\" style=\"display: none;\" class=\"cev-authorization-grid__visual\">\n\t<div class=\"otp_popup_inn\">\n\t\t<div class=\"otp_content\">\n\t\t\t<div class=\"cev-authorization-grid__holder\">\n\t\t\t\t<div class=\"cev-authorization-grid__inner\">\n\t\t\t\t\t<div class=\"cev-authorization\" style=\"background: #f5f5f5;\">\n\t\t\t\t\t\t<form class=\"cev_pin_verification_form\" method=\"post\">\n\t\t\t\t\t\t\t<section class=\"cev-authorization__holder\">\n\t\t\t\t\t\t\t\t<div class=\"back_btn\">\n\t\t\t\t\t\t\t\t\t<svg fill=\"#000000\" version=\"1.1\" id=\"Capa_1\" xmlns=\"http:\/\/www.w3.org\/2000\/svg\" viewBox=\"-6.07 -6.07 72.87 72.87\">\n\t\t\t\t\t\t\t\t\t\t<polygon points=\"0,30.365 29.737,60.105 29.737,42.733 60.731,42.729 60.731,18.001 29.737,17.999 29.737,0.625 \"><\/polygon>\n\t\t\t\t\t\t\t\t\t<\/svg>\n\t\t\t\t\t\t\t\t<\/div>\n\n\t\t\t\t\t\t\t\t<div class=\"popup_image\" style=\"width: 150px;\">\n\t\t\t\t\t\t\t\t\t\t\t\t\t\t\t\t\t\t\t<img decoding=\"async\" src=\"https:\/\/buzzfactory.ch\/wp-content\/plugins\/customer-email-verification-for-woocommerce\/assets\/css\/images\/email-verification-icon.svg\" alt=\"Verifizierungssymbol\">\n\t\t\t\t\t\t\t\t\t\t\t\t\t\t\t\t\t<\/div>\n\n\t\t\t\t\t\t\t\t<div class=\"cev-authorization__heading\">\n\t\t\t\t\t\t\t\t\t<span class=\"cev-authorization__title\" style=\"font-size: 22px;\">\n\t\t\t\t\t\t\t\t\t\tVerify its you.\t\t\t\t\t\t\t\t\t<\/span>\n\t\t\t\t\t\t\t\t\t<span class=\"cev-authorization__description\">\n\t\t\t\t\t\t\t\t\t\tWir haben Ihnen einen Best\u00e4tigungscode gesendet. Um Ihre E-Mail-Adresse zu best\u00e4tigen, \u00fcberpr\u00fcfen Sie bitte Ihren Posteingang und geben Sie den unten stehenden Code ein.\t\t\t\t\t\t\t\t\t<\/span>\n\t\t\t\t\t\t\t\t<\/div>\n\n\t\t\t\t\t\t\t\t<div class=\"cev-pin-verification\">\n\t\t\t\t\t\t\t\t\t<div class=\"otp-container\">\n\t\t\t\t\t\t\t\t\t\t\t\t\t\t\t\t\t\t\t\t\t<input type=\"text\" maxlength=\"1\" class=\"otp-input\" id=\"otp_input_1\" \/>\n\t\t\t\t\t\t\t\t\t\t\t\t\t\t\t\t\t\t\t\t\t<input type=\"text\" maxlength=\"1\" class=\"otp-input\" id=\"otp_input_2\" \/>\n\t\t\t\t\t\t\t\t\t\t\t\t\t\t\t\t\t\t\t\t\t<input type=\"text\" maxlength=\"1\" class=\"otp-input\" id=\"otp_input_3\" \/>\n\t\t\t\t\t\t\t\t\t\t\t\t\t\t\t\t\t\t\t\t\t<input type=\"text\" maxlength=\"1\" class=\"otp-input\" id=\"otp_input_4\" \/>\n\t\t\t\t\t\t\t\t\t\t\t\t\t\t\t\t\t\t\t<\/div>\n\n\t\t\t\t\t\t\t\t\t<input type=\"hidden\" name=\"cev_enable_email_verification_popup\" id=\"cev_enable_email_verification_popup\" value=\"1\">\n\t\t\t\t\t\t\t\t\t<input type=\"hidden\" name=\"password_setup_link_enabled\" id=\"password_setup_link_enabled\" value=\"no\">\n\n\t\t\t\t\t\t\t\t\t<div class=\"error_mesg\"><\/div>\n\n\t\t\t\t\t\t\t\t\t<button id=\"verify-otp-button\" style=\"display: none;\" type=\"button\">Verify<\/button>\n\n\t\t\t\t\t\t\t\t\t<p class=\"resend_sucsess\" style=\"color: green; display:none\">Otp Sent Successfully<\/p>\n\t\t\t\t\t\t\t\t<\/div>\n\t\t\t\t\t\t\t<\/section>\n\n\t\t\t\t\t\t\t<footer class=\"cev-authorization__footer\" style=\"text-align: center;\">\n\t\t\t\t\t\t\t\tKeine E-Mail erhalten? \t\t\t<a href=\"https:\/\/buzzfactory.ch\/de\/register\/?cev_redirect_limit_resend=MA=\" class=\"cev-link-try-again \">Versuchen Sie es erneut<\/a>\n\t\t\t\t\t\t\t\t\t\t<\/footer>\n\t\t\t\t\t\t<\/form>\n\t\t\t\t\t<\/div>\n\t\t\t\t<\/div>\n\t\t\t<\/div>\n\t\t<\/div>\n\t<\/div>\n<\/div>\n\n<style>\n\t.cev-authorization-grid__visual {\n\t\tbackground-color: rgba(255,255,255,0.7 ) !important;\n\t}\n\thtml {\n\t\tbackground: none;\n\t}\n\tfooter#footer {\n\t\tdisplay: none;\n\t}\n\t.customize-partial-edit-shortcut-button {\n\t\tdisplay: none;\n\t}\n<\/style>\n\t<div class=\"woocommerce\">\n\t\t<h2>Registrieren<\/h2>\n\t\t<form method=\"post\" class=\"woocommerce-form woocommerce-form-register register\"  >\n\n\t\t\t\n\t\t\t\n\t\t\t<p class=\"woocommerce-form-row woocommerce-form-row--wide form-row form-row-wide\">\n\t\t\t\t<label for=\"reg_email\">E-Mail-Adresse <span class=\"required\">*<\/span><\/label>\n\t\t\t\t<input type=\"email\" class=\"woocommerce-Input woocommerce-Input--text input-text\" name=\"email\" id=\"reg_email\" autocomplete=\"email\" value=\"\" \/>\t\t\t<\/p>\n\n\t\t\t\n\t\t\t\t<p class=\"woocommerce-form-row woocommerce-form-row--wide form-row form-row-wide\">\n\t\t\t\t\t<label for=\"reg_password\">Passwort <span class=\"required\">*<\/span><\/label>\n\t\t\t\t\t<input type=\"password\" class=\"woocommerce-Input woocommerce-Input--text input-text\" name=\"password\" id=\"reg_password\" autocomplete=\"new-password\" \/>\n\t\t\t\t<\/p>\n\n\t\t\t\n\t\t\t<div class=\"itsec-recaptcha-opt-in\"><p>For security, use of Google's reCAPTCHA service is required which is subject to the Google <a href=\"https:\/\/policies.google.com\/privacy\" target=\"_blank\" rel=\"noopener\">Privacy Policy<\/a> and <a href=\"https:\/\/policies.google.com\/terms\" target=\"_blank\" rel=\"noopener\">Terms of Use<\/a>.<\/p><p><label class=\"itsec-recaptcha-opt-in__agree\"><input type=\"checkbox\"\/>I agree to these terms (required).<\/label><\/p><script type=\"text-template\" class=\"itsec-recaptcha-opt-in__template\"><input type=\"hidden\" name=\"g-recaptcha-response\" class=\"itsec-g-recaptcha\" data-action=\"register\"><\/script><\/div><wc-order-attribution-inputs><\/wc-order-attribution-inputs><div class=\"woocommerce-privacy-policy-text\"><p>Your personal data will be used to support your experience throughout this website, to manage access to your account, and for other purposes described in our <a href=\"https:\/\/buzzfactory.ch\/privacy-policy\/\" class=\"woocommerce-privacy-policy-link\" target=\"_blank\">Datenschutzerkl\u00e4rung<\/a>.<\/p>\n<\/div>\n\t\t\t<p class=\"woocommerce-FormRow form-row\">\n\t\t\t\t<input type=\"hidden\" id=\"woocommerce-register-nonce\" name=\"woocommerce-register-nonce\" value=\"6d3949faa2\" \/><input type=\"hidden\" name=\"_wp_http_referer\" value=\"\/de\/wp-json\/wp\/v2\/pages\/51317\" \/>\t\t\t\t<button type=\"submit\" class=\"woocommerce-Button woocommerce-button button woocommerce-form-register__submit\" name=\"register\" value=\"Registrieren\">Registrieren<\/button>\n\t\t\t<\/p>\n\n\t\t\t\n\t\t<\/form>\n\t<\/div>\n    [\/et_pb_code][\/et_pb_column][\/et_pb_row][\/et_pb_section]<\/p>\n","protected":false},"excerpt":{"rendered":"<p>Registrieren<div class=\"woocommerce-notices-wrapper\"><\/div>\t<div class=\"woocommerce\">\n\t\t<h2>Registrieren<\/h2>\n\t\t<form method=\"post\" class=\"woocommerce-form woocommerce-form-register register\"  >\n\n\t\t\t\n\t\t\t\n\t\t\t<p class=\"woocommerce-form-row woocommerce-form-row--wide form-row form-row-wide\">\n\t\t\t\t<label for=\"reg_email\">E-Mail-Adresse <span class=\"required\">*<\/span><\/label>\n\t\t\t\t<input type=\"email\" class=\"woocommerce-Input woocommerce-Input--text input-text\" name=\"email\" id=\"reg_email\" autocomplete=\"email\" value=\"\" \/>\t\t\t<\/p>\n\n\t\t\t\n\t\t\t\t<p class=\"woocommerce-form-row woocommerce-form-row--wide form-row form-row-wide\">\n\t\t\t\t\t<label for=\"reg_password\">Passwort <span class=\"required\">*<\/span><\/label>\n\t\t\t\t\t<input type=\"password\" class=\"woocommerce-Input woocommerce-Input--text input-text\" name=\"password\" id=\"reg_password\" autocomplete=\"new-password\" \/>\n\t\t\t\t<\/p>\n\n\t\t\t\n\t\t\t<div class=\"itsec-recaptcha-opt-in\"><p>For security, use of Google's reCAPTCHA service is required which is subject to the Google <a href=\"https:\/\/policies.google.com\/privacy\">Privacy Policy<\/a> and <a href=\"https:\/\/policies.google.com\/terms\">Terms of Use<\/a>.<\/p><p><label class=\"itsec-recaptcha-opt-in__agree\"><input type=\"checkbox\"\/>I agree to these terms (required).<\/label><\/p><script type=\"text-template\" class=\"itsec-recaptcha-opt-in__template\"><input type=\"hidden\" name=\"g-recaptcha-response\" class=\"itsec-g-recaptcha\" data-action=\"register\"><\/script><\/div><wc-order-attribution-inputs><\/wc-order-attribution-inputs><div class=\"woocommerce-privacy-policy-text\"><p>Your personal data will be used to support your experience throughout this website, to manage access to your account, and for other purposes described in our <a href=\"https:\/\/buzzfactory.ch\/privacy-policy\/\" class=\"woocommerce-privacy-policy-link\" target=\"_blank\">Datenschutzerkl\u00e4rung<\/a>.<\/p>\n<\/div>\n\t\t\t<p class=\"woocommerce-FormRow form-row\">\n\t\t\t\t<input type=\"hidden\" id=\"woocommerce-register-nonce\" name=\"woocommerce-register-nonce\" value=\"6d3949faa2\" \/><input type=\"hidden\" name=\"_wp_http_referer\" value=\"\/de\/wp-json\/wp\/v2\/pages\/51317\" \/>\t\t\t\t<button type=\"submit\" class=\"woocommerce-Button woocommerce-button button woocommerce-form-register__submit\" name=\"register\" value=\"Registrieren\">Registrieren<\/button>\n\t\t\t<\/p>\n\n\t\t\t\n\t\t<\/form>\n\t<\/div>\n    <\/p>\n","protected":false},"author":114,"featured_media":0,"parent":0,"menu_order":0,"comment_status":"closed","ping_status":"closed","template":"","meta":{"_et_pb_use_builder":"on","_et_pb_old_content":"","_et_gb_content_width":"","footnotes":""},"class_list":["post-51317","page","type-page","status-publish","hentry"],"_links":{"self":[{"href":"https:\/\/buzzfactory.ch\/de\/wp-json\/wp\/v2\/pages\/51317","targetHints":{"allow":["GET"]}}],"collection":[{"href":"https:\/\/buzzfactory.ch\/de\/wp-json\/wp\/v2\/pages"}],"about":[{"href":"https:\/\/buzzfactory.ch\/de\/wp-json\/wp\/v2\/types\/page"}],"author":[{"embeddable":true,"href":"https:\/\/buzzfactory.ch\/de\/wp-json\/wp\/v2\/users\/114"}],"replies":[{"embeddable":true,"href":"https:\/\/buzzfactory.ch\/de\/wp-json\/wp\/v2\/comments?post=51317"}],"version-history":[{"count":0,"href":"https:\/\/buzzfactory.ch\/de\/wp-json\/wp\/v2\/pages\/51317\/revisions"}],"wp:attachment":[{"href":"https:\/\/buzzfactory.ch\/de\/wp-json\/wp\/v2\/media?parent=51317"}],"curies":[{"name":"wp","href":"https:\/\/api.w.org\/{rel}","templated":true}]}}