{"id":53492,"date":"2022-01-11T16:57:10","date_gmt":"2022-01-11T15:57:10","guid":{"rendered":"https:\/\/buzzfactory.ch\/2021-schweizer-top-100-nonprofit-organisationen\/"},"modified":"2022-01-12T17:37:49","modified_gmt":"2022-01-12T16:37:49","slug":"2021-schweizer-top-100-nonprofit-organisationen","status":"publish","type":"page","link":"https:\/\/buzzfactory.ch\/de\/loesungen\/gemeinnuetzige-organisationen\/top-100-schweizer-nonprofits-online-bericht\/2021-schweizer-top-100-nonprofit-organisationen\/","title":{"rendered":"2021 Schweizer Top 100 Nonprofit-Organisationen"},"content":{"rendered":"<p>[et_pb_section fb_built=&#8221;1&#8243; custom_padding_last_edited=&#8221;on|desktop&#8221; admin_label=&#8221;Header&#8221; _builder_version=&#8221;4.14.5&#8243; use_background_color_gradient=&#8221;on&#8221; background_color_gradient_start=&#8221;#8624E1&#8243; background_color_gradient_end=&#8221;#3607A6&#8243; background_color_gradient_direction=&#8221;130deg&#8221; background_color_gradient_start_position=&#8221;25%&#8221; background_image=&#8221;https:\/\/buzzfactory.ch\/wp-content\/uploads\/2021\/07\/SwissTop100_2000x1333px_004-2-1.jpg&#8221; parallax=&#8221;on&#8221; custom_padding=&#8221;7vw||0vw||false|false&#8221; custom_padding_tablet=&#8221;100px||100px||true&#8221; custom_padding_phone=&#8221;||||true&#8221; bottom_divider_height=&#8221;250px&#8221; bottom_divider_flip=&#8221;horizontal&#8221; bottom_divider_height_tablet=&#8221;150px&#8221; bottom_divider_height_phone=&#8221;110px&#8221; bottom_divider_height_last_edited=&#8221;on|phone&#8221; hover_enabled=&#8221;0&#8243; saved_tabs=&#8221;all&#8221; global_colors_info=&#8221;{}&#8221; sticky_enabled=&#8221;0&#8243; alt=&#8221;Top 100 Swiss Non-profits Most influentials on the Internet 2021&#8243; title_text=&#8221;SwissTop100_2000x1333px_004 (2) (1)&#8221;][et_pb_row _builder_version=&#8221;4.4.8&#8243; background_color=&#8221;rgba(0,0,0,0.48)&#8221; global_colors_info=&#8221;{}&#8221;][et_pb_column type=&#8221;4_4&#8243; _builder_version=&#8221;3.25&#8243; custom_padding=&#8221;|||&#8221; global_colors_info=&#8221;{}&#8221; custom_padding__hover=&#8221;|||&#8221;][et_pb_text _builder_version=&#8221;4.4.8&#8243; text_font=&#8221;Roboto||||||||&#8221; text_font_size=&#8221;16px&#8221; text_line_height=&#8221;1.8em&#8221; header_font=&#8221;Roboto|700|||||||&#8221; header_text_align=&#8221;center&#8221; header_font_size=&#8221;80px&#8221; header_line_height=&#8221;1.2em&#8221; header_3_font=&#8221;Roboto|700||on|||||&#8221; header_3_text_align=&#8221;center&#8221; header_3_text_color=&#8221;#ffffff&#8221; header_3_font_size=&#8221;24px&#8221; header_3_letter_spacing=&#8221;10px&#8221; header_3_line_height=&#8221;2em&#8221; text_orientation=&#8221;center&#8221; background_layout=&#8221;dark&#8221; module_alignment=&#8221;center&#8221; custom_margin=&#8221;-43px|||||&#8221; custom_padding=&#8221;31px|||||&#8221; text_font_size_last_edited=&#8221;off|desktop&#8221; header_font_size_tablet=&#8221;40px&#8221; header_font_size_phone=&#8221;32px&#8221; header_font_size_last_edited=&#8221;on|phone&#8221; header_3_font_size_tablet=&#8221;16px&#8221; header_3_font_size_phone=&#8221;14px&#8221; header_3_font_size_last_edited=&#8221;on|phone&#8221; header_3_letter_spacing_tablet=&#8221;5px&#8221; header_3_letter_spacing_phone=&#8221;&#8221; header_3_letter_spacing_last_edited=&#8221;on|tablet&#8221; global_colors_info=&#8221;{}&#8221;]<\/p>\n<h1>Ein einzigartiger Bericht: Benchmarking<br \/>von Schweizer Nonprofit Organisationen<\/h1>\n<p>[\/et_pb_text][\/et_pb_column][\/et_pb_row][et_pb_row _builder_version=&#8221;3.27.1&#8243; global_colors_info=&#8221;{}&#8221;][et_pb_column type=&#8221;4_4&#8243; _builder_version=&#8221;3.27.1&#8243; global_colors_info=&#8221;{}&#8221;][et_pb_button button_url=&#8221;@ET-DC@eyJkeW5hbWljIjp0cnVlLCJjb250ZW50IjoicG9zdF9saW5rX3VybF9wYWdlIiwic2V0dGluZ3MiOnsicG9zdF9pZCI6IjQ5Nzc1In19@&#8221; button_text=&#8221;Laden Sie den Bericht herunter&#8221; button_alignment=&#8221;center&#8221; _builder_version=&#8221;4.14.5&#8243; _dynamic_attributes=&#8221;button_url&#8221; custom_button=&#8221;on&#8221; button_text_size=&#8221;14px&#8221; button_text_color=&#8221;#FFFFFF&#8221; button_bg_color=&#8221;#35c367&#8243; button_bg_color_gradient_start=&#8221;#f92c8b&#8221; button_bg_color_gradient_end=&#8221;#b02cd6&#8243; button_bg_color_gradient_direction=&#8221;90deg&#8221; button_border_width=&#8221;0px&#8221; button_border_color=&#8221;rgba(0,0,0,0)&#8221; button_border_radius=&#8221;30px&#8221; button_letter_spacing=&#8221;3px&#8221; button_font=&#8221;Roboto|700||on|||||&#8221; button_icon=&#8221;&#x47;||divi||400&#8243; background_layout=&#8221;dark&#8221; custom_margin=&#8221;|||&#8221; custom_padding=&#8221;18px|34px|18px|34px|true|true&#8221; hover_enabled=&#8221;0&#8243; box_shadow_style=&#8221;preset5&#8243; box_shadow_blur=&#8221;6px&#8221; box_shadow_spread=&#8221;7px&#8221; button_letter_spacing_hover=&#8221;5.5px&#8221; locked=&#8221;off&#8221; global_colors_info=&#8221;{}&#8221; button_text_size__hover_enabled=&#8221;off&#8221; button_text_size__hover=&#8221;null&#8221; button_one_text_size__hover_enabled=&#8221;off&#8221; button_one_text_size__hover=&#8221;null&#8221; button_two_text_size__hover_enabled=&#8221;off&#8221; button_two_text_size__hover=&#8221;null&#8221; button_text_color__hover_enabled=&#8221;off&#8221; button_text_color__hover=&#8221;null&#8221; button_one_text_color__hover_enabled=&#8221;off&#8221; button_one_text_color__hover=&#8221;null&#8221; button_two_text_color__hover_enabled=&#8221;off&#8221; button_two_text_color__hover=&#8221;null&#8221; button_border_width__hover_enabled=&#8221;off&#8221; button_border_width__hover=&#8221;null&#8221; button_one_border_width__hover_enabled=&#8221;off&#8221; button_one_border_width__hover=&#8221;null&#8221; button_two_border_width__hover_enabled=&#8221;off&#8221; button_two_border_width__hover=&#8221;null&#8221; button_border_color__hover_enabled=&#8221;off&#8221; button_border_color__hover=&#8221;null&#8221; button_one_border_color__hover_enabled=&#8221;off&#8221; button_one_border_color__hover=&#8221;null&#8221; button_two_border_color__hover_enabled=&#8221;off&#8221; button_two_border_color__hover=&#8221;null&#8221; button_border_radius__hover_enabled=&#8221;off&#8221; button_border_radius__hover=&#8221;null&#8221; button_one_border_radius__hover_enabled=&#8221;off&#8221; button_one_border_radius__hover=&#8221;null&#8221; button_two_border_radius__hover_enabled=&#8221;off&#8221; button_two_border_radius__hover=&#8221;null&#8221; button_letter_spacing__hover_enabled=&#8221;on&#8221; button_letter_spacing__hover=&#8221;5.5px&#8221; button_one_letter_spacing__hover_enabled=&#8221;off&#8221; button_one_letter_spacing__hover=&#8221;null&#8221; button_two_letter_spacing__hover_enabled=&#8221;off&#8221; button_two_letter_spacing__hover=&#8221;null&#8221; button_bg_color__hover_enabled=&#8221;off&#8221; button_bg_color__hover=&#8221;null&#8221; button_one_bg_color__hover_enabled=&#8221;off&#8221; button_one_bg_color__hover=&#8221;null&#8221; button_two_bg_color__hover_enabled=&#8221;off&#8221; button_two_bg_color__hover=&#8221;null&#8221; sticky_enabled=&#8221;0&#8243;][\/et_pb_button][\/et_pb_column][\/et_pb_row][\/et_pb_section][et_pb_section fb_built=&#8221;1&#8243; admin_label=&#8221;Get Started&#8221; _builder_version=&#8221;3.22&#8243; min_height=&#8221;610px&#8221; custom_margin=&#8221;-2px|||||&#8221; custom_padding=&#8221;0px||||false|false&#8221; saved_tabs=&#8221;all&#8221; global_colors_info=&#8221;{}&#8221;][et_pb_row column_structure=&#8221;1_2,1_2&#8243; use_custom_gutter=&#8221;on&#8221; gutter_width=&#8221;2&#8243; _builder_version=&#8221;3.25&#8243; max_width=&#8221;1700px&#8221; custom_margin=&#8221;|||&#8221; custom_padding=&#8221;0px|||&#8221; use_custom_width=&#8221;on&#8221; custom_width_px=&#8221;1700px&#8221; global_colors_info=&#8221;{}&#8221;][et_pb_column type=&#8221;1_2&#8243; _builder_version=&#8221;3.25&#8243; custom_padding=&#8221;|||&#8221; global_colors_info=&#8221;{}&#8221; custom_padding__hover=&#8221;|||&#8221;][et_pb_text _builder_version=&#8221;4.14.2&#8243; text_font=&#8221;||||||||&#8221; text_font_size=&#8221;16px&#8221; text_line_height=&#8221;2em&#8221; ul_font=&#8221;||||||||&#8221; header_font=&#8221;||||||||&#8221; header_2_font=&#8221;Roboto|700|||||||&#8221; header_2_font_size=&#8221;45px&#8221; header_2_line_height=&#8221;1.2em&#8221; header_3_font=&#8221;||||||||&#8221; max_width=&#8221;800px&#8221; max_width_last_edited=&#8221;off|desktop&#8221; module_alignment=&#8221;center&#8221; custom_margin=&#8221;|||&#8221; custom_padding=&#8221;51px|||||&#8221; header_2_font_size_tablet=&#8221;35px&#8221; header_2_font_size_phone=&#8221;28px&#8221; header_2_font_size_last_edited=&#8221;on|desktop&#8221; global_colors_info=&#8221;{}&#8221;]<\/p>\n<h2>2021 Top 100: Die einflussreichsten gemeinn\u00fctzigen Organisationen im Internet<\/h2>\n<p style=\"text-align: center;\"><span style=\"font-size: 16px;\"><\/span><\/p>\n<p><span>Was macht diese Schweizer Non-Profit-Organisationen im Internet so erfolgreich? Wie leiten sie die Show? Was haben sie, was andere NGOs nicht haben? Nun, vielleicht stellen Sie sich viele \u00e4hnliche Fragen, die bis zu diesem <strong>bahnbrechenden Bericht<\/strong> von Buzz Factory noch nicht so \u00fcberzeugend beantwortet wurden.<\/span><\/p>\n<blockquote>\n<div class=\"page\" title=\"Page 6\">\n<div class=\"section\">\n<div class=\"layoutArea\">\n<div class=\"column\">\n<p><span>Unser Team sammelte und analysierte Daten von \u00fcber <strong>500 lokalen und internationalen Organisationen mit Sitz<\/strong> in der Schweiz, um<strong>einen ganzheitlichen \u00dcberblick \u00fcber die aktuelle digitale Landschaft zu erhalten<\/strong><br \/><\/span><span>der Non-Profit-Industrie. Durch den Vergleich <strong>digitaler Leistungskennzahlen untersuchen<\/strong> wir die Faktoren, die Unternehmen an die Spitze bringen <\/span><span>an der Spitze der Rangliste. <\/span><\/p>\n<\/div>\n<\/div>\n<\/div>\n<\/div>\n<\/blockquote>\n<p><span><\/span><\/p>\n<p><span>Der Bericht untersucht die wichtigsten digitalen Leistungskennzahlen, um eine Rangfolge der Unternehmen in Bezug auf ihre Online-Pr\u00e4senz zu erstellen. Das Endergebnis, das wir als &#8220;<strong>Buzz-Factor<\/strong>&#8221; bezeichnet haben, wird anhand der drei wichtigsten Indikatoren f\u00fcr die Online-Reichweite einer NRO berechnet &#8211; <strong>Domain Authority (DA)<\/strong>, S<strong>ocial Media Engagement<\/strong> und <strong>E-Reputation<\/strong>.<\/span><\/p>\n<p><span><\/span><\/p>\n<div class=\"page\" title=\"Page 6\">\n<div class=\"section\">\n<div class=\"layoutArea\">\n<div class=\"column\">\n<p><span>Wenn Sie unseren letzten <strong>Bericht gelesen ha<a href=\"https:\/\/buzzfactory.ch\/de\/loesungen\/gemeinnuetzige-organisationen\/top-100-schweizer-nonprofits-online-bericht\/2020-schweizer-top-100-nonprofit-organisationen-im-internet\/\">ben<\/a>,<\/strong>werden Sie feststellen, dass der Hauptunterschied in diesem Jahr in der Ber\u00fccksichtigung der j\u00fcngsten <\/span><span>Pandemie und ihre Auswirkungen auf gemeinn\u00fctzige Organisationen liegt. COVID-19 <\/span><span>hat nicht nur pers\u00f6nlichen Veranstaltungen ein Ende gesetzt &#8211; was sich kritisch auf die M\u00f6glichkeiten der NGOs zur Mittelbeschaffung auswirkt -, sondern auch Initiativen zur <strong>digitalen Transformation schneller vorangetrieben<\/strong>, als irgendjemand h\u00e4tte vorhersagen k\u00f6nnen. <\/span><\/p>\n<p><span>Die Pandemie hat die ohnehin schon <strong>umk\u00e4mpfte digitale Landschaft<\/strong>in der Schweiz auf die Spitze getrieben<\/span>und <span>alle gemeinn\u00fctzigen Organisationen vor die Herausforderung gestellt<\/span>, <span>das Internet als ihren wichtigsten Kommunikationskanal zu nutzen,<\/span> <span>um relevant, einflussreich und einsatzf\u00e4hig zu bleiben.<\/span> <\/p>\n<p><span>Unternehmen, die sich diese digitale Entwicklung zunutze gemacht haben, waren in der Lage zu florieren, sogar inmitten der aktuellen <\/span><span>Situation. W\u00e4hrend sich viele gemeinn\u00fctzige Organisationen noch <\/span><span>auf traditionelle Marketingmethoden verlassen, um Spender zu erreichen, haben die Spitzenreiter bereits beeindruckende Online-Pr\u00e4senzen geschaffen. Wir haben <strong>wichtige Ver\u00e4nderungen in der Spenderreise<\/strong> beobachtet, die mehr digitale Ber\u00fchrungspunkte als je zuvor beinhalten, und die <strong>Kluft zwischen F\u00fchrenden<\/strong> und Nachfolgenden wird immer gr\u00f6\u00dfer, da einige Organisationen langsamer auf diese Ver\u00e4nderungen reagieren. <\/span><span><\/span><\/p>\n<\/div>\n<\/div>\n<\/div>\n<\/div>\n<p><span><\/span><\/p>\n<p>&nbsp;<\/p>\n<p>[\/et_pb_text][\/et_pb_column][et_pb_column type=&#8221;1_2&#8243; _builder_version=&#8221;3.25&#8243; custom_padding=&#8221;|||&#8221; global_colors_info=&#8221;{}&#8221; custom_padding__hover=&#8221;|||&#8221;][et_pb_gallery gallery_ids=&#8221;51927,51920,51482,51497&#8243; show_title_and_caption=&#8221;off&#8221; _builder_version=&#8221;4.14.5&#8243; custom_padding=&#8221;53px|||||&#8221; hover_enabled=&#8221;0&#8243; global_colors_info=&#8221;{}&#8221; sticky_enabled=&#8221;0&#8243;][\/et_pb_gallery][\/et_pb_column][\/et_pb_row][et_pb_row _builder_version=&#8221;4.9.10&#8243; _module_preset=&#8221;default&#8221; global_colors_info=&#8221;{}&#8221;][et_pb_column type=&#8221;4_4&#8243; _builder_version=&#8221;4.9.10&#8243; _module_preset=&#8221;default&#8221; global_colors_info=&#8221;{}&#8221;][et_pb_cta title=&#8221;Warum der Bericht?&#8221; button_url=&#8221;@ET-DC@eyJkeW5hbWljIjp0cnVlLCJjb250ZW50IjoicG9zdF9saW5rX3VybF9wYWdlIiwic2V0dGluZ3MiOnsicG9zdF9pZCI6IjQ5Nzc1In19@&#8221; button_text=&#8221;@ET-DC@eyJkeW5hbWljIjp0cnVlLCJjb250ZW50IjoicG9zdF9saW5rIiwic2V0dGluZ3MiOnsiYmVmb3JlIjoiIiwiYWZ0ZXIiOiIiLCJ0ZXh0IjoiY3VzdG9tIiwiY3VzdG9tX3RleHQiOiJEb3dubG9hZCB0aGUgcmVwb3J0In19@&#8221; _builder_version=&#8221;4.14.5&#8243; _dynamic_attributes=&#8221;button_text,button_url&#8221; _module_preset=&#8221;default&#8221; body_line_height=&#8221;1.3em&#8221; custom_button=&#8221;on&#8221; button_text_color=&#8221;#FFFFFF&#8221; button_bg_color=&#8221;#35c367&#8243; button_border_color=&#8221;#FFFFFF&#8221; button_border_radius=&#8221;20px&#8221; button_icon=&#8221;&#x47;||divi||400&#8243; custom_margin=&#8221;60px|||||&#8221; hover_enabled=&#8221;0&#8243; border_radii=&#8221;on|20px|20px|20px|20px&#8221; locked=&#8221;off&#8221; global_colors_info=&#8221;{}&#8221; link_option_url=&#8221;https:\/\/buzzfactory.ch\/de\/produkt\/top-100-swiss-nonprofits-online-2021\/&#8221; sticky_enabled=&#8221;0&#8243;]<\/p>\n<h3 style=\"text-align: center;\"><\/h3>\n<h3 style=\"text-align: center;\"><span style=\"font-size: large;\">Wenn Sie eine gemeinn\u00fctzige Organisation leiten oder dort als Marketing- oder Kommunikationsverantwortlicher arbeiten, werden Sie die Veranstaltung sicher nicht verpassen wollen. Warum? Um diese Frage zu beantworten,<strong>ist dieser Bericht einzigartig und datengest\u00fctzt.<\/strong><\/span><\/h3>\n<h3 style=\"text-align: center;\"><span style=\"font-size: large;\">Wir haben wichtige und wertvolle Informationen dar\u00fcber gefunden, wie f\u00fchrende Organisationen in der Schweiz erfolgreich Kampagnen durchf\u00fchren. Hier finden Sie Informationen<strong>\u00fcber Kan\u00e4le, Trends, Priorit\u00e4ten<\/strong>und vieles mehr, die f\u00fcr jedes Unternehmen, das seine Online-Strategie verbessern m\u00f6chte, von entscheidender Bedeutung sind.<\/span><\/h3>\n<p>[\/et_pb_cta][\/et_pb_column][\/et_pb_row][\/et_pb_section][et_pb_section fb_built=&#8221;1&#8243; custom_padding_last_edited=&#8221;on|desktop&#8221; prev_background_color=&#8221;#ffffff&#8221; admin_label=&#8221;Footer&#8221; _builder_version=&#8221;3.27.1&#8243; background_color=&#8221;#ed5b36&#8243; background_color_gradient_direction=&#8221;130deg&#8221; background_enable_image=&#8221;off&#8221; parallax=&#8221;on&#8221; custom_padding=&#8221;11vw||0vw||false|false&#8221; custom_padding_tablet=&#8221;100px||100px||true&#8221; custom_padding_phone=&#8221;||||true&#8221; top_divider_style=&#8221;ramp2&#8243; top_divider_height=&#8221;250px&#8221; top_divider_flip=&#8221;vertical&#8221; top_divider_height_tablet=&#8221;150px&#8221; top_divider_height_phone=&#8221;110px&#8221; top_divider_height_last_edited=&#8221;on|phone&#8221; saved_tabs=&#8221;all&#8221; locked=&#8221;off&#8221; global_colors_info=&#8221;{}&#8221;][et_pb_row module_class=&#8221; et_pb_row_fullwidth&#8221; _builder_version=&#8221;3.25&#8243; width=&#8221;89%&#8221; width_tablet=&#8221;80%&#8221; width_phone=&#8221;&#8221; width_last_edited=&#8221;on|desktop&#8221; max_width=&#8221;89%&#8221; max_width_tablet=&#8221;80%&#8221; max_width_phone=&#8221;&#8221; max_width_last_edited=&#8221;on|desktop&#8221; custom_margin_phone=&#8221;|||&#8221; custom_margin_last_edited=&#8221;off|desktop&#8221; custom_padding=&#8221;|||&#8221; make_fullwidth=&#8221;on&#8221; global_colors_info=&#8221;{}&#8221;][et_pb_column type=&#8221;4_4&#8243; _builder_version=&#8221;3.25&#8243; custom_padding=&#8221;|||&#8221; global_colors_info=&#8221;{}&#8221; custom_padding__hover=&#8221;|||&#8221;][et_pb_text _builder_version=&#8221;3.27.4&#8243; text_font=&#8221;||||||||&#8221; header_font=&#8221;||||||||&#8221; header_2_font=&#8221;Roboto|700|||||||&#8221; header_2_font_size=&#8221;50px&#8221; header_2_line_height=&#8221;1.4em&#8221; header_3_font=&#8221;Roboto|700||on|||||&#8221; header_3_text_align=&#8221;center&#8221; header_3_text_color=&#8221;#ffffff&#8221; header_3_font_size=&#8221;24px&#8221; header_3_letter_spacing=&#8221;5px&#8221; header_3_line_height=&#8221;2em&#8221; text_orientation=&#8221;center&#8221; background_layout=&#8221;dark&#8221; max_width=&#8221;850px&#8221; module_alignment=&#8221;center&#8221; custom_margin=&#8221;|||&#8221; custom_padding=&#8221;|||&#8221; text_font_size_last_edited=&#8221;off|desktop&#8221; header_2_font_size_tablet=&#8221;40px&#8221; header_2_font_size_phone=&#8221;32px&#8221; header_2_font_size_last_edited=&#8221;on|desktop&#8221; header_3_font_size_tablet=&#8221;16px&#8221; header_3_font_size_phone=&#8221;14px&#8221; header_3_font_size_last_edited=&#8221;on|phone&#8221; global_colors_info=&#8221;{}&#8221;]<\/p>\n<h3>Lass uns anfangen<\/h3>\n<h2>Bereit f\u00fcr eine echte Ver\u00e4nderung? Lass uns das zusammen aufbauen!<\/h2>\n<p>[\/et_pb_text][et_pb_button button_url=&#8221;https:\/\/buzzfactory.ch\/de\/kontaktiere-uns\/&#8221; button_text=&#8221;Lass uns das machen&#8221; button_alignment=&#8221;center&#8221; _builder_version=&#8221;4.0.7&#8243; custom_button=&#8221;on&#8221; button_text_size=&#8221;14px&#8221; button_text_color=&#8221;#000000&#8243; button_bg_color=&#8221;#ffffff&#8221; button_bg_color_gradient_start=&#8221;#ef5c32&#8243; button_bg_color_gradient_end=&#8221;#ef5c32&#8243; button_bg_color_gradient_direction=&#8221;90deg&#8221; button_border_width=&#8221;0px&#8221; button_border_color=&#8221;rgba(0,0,0,0)&#8221; button_border_radius=&#8221;4px&#8221; button_letter_spacing=&#8221;5px&#8221; button_font=&#8221;Roboto|700||on|||||&#8221; custom_margin=&#8221;|||&#8221; custom_padding=&#8221;18px|34px|18px|34px|true|true&#8221; box_shadow_style=&#8221;preset3&#8243; box_shadow_vertical=&#8221;20px&#8221; box_shadow_blur=&#8221;30px&#8221; box_shadow_spread=&#8221;-10px&#8221; box_shadow_color=&#8221;rgba(247,130,142,0.4)&#8221; button_letter_spacing_hover=&#8221;5.5px&#8221; global_colors_info=&#8221;{}&#8221; button_text_size__hover_enabled=&#8221;off&#8221; button_one_text_size__hover_enabled=&#8221;off&#8221; button_two_text_size__hover_enabled=&#8221;off&#8221; button_text_color__hover_enabled=&#8221;off&#8221; button_one_text_color__hover_enabled=&#8221;off&#8221; button_two_text_color__hover_enabled=&#8221;off&#8221; button_border_width__hover_enabled=&#8221;off&#8221; button_one_border_width__hover_enabled=&#8221;off&#8221; button_two_border_width__hover_enabled=&#8221;off&#8221; button_border_color__hover_enabled=&#8221;off&#8221; button_one_border_color__hover_enabled=&#8221;off&#8221; button_two_border_color__hover_enabled=&#8221;off&#8221; button_border_radius__hover_enabled=&#8221;off&#8221; button_one_border_radius__hover_enabled=&#8221;off&#8221; button_two_border_radius__hover_enabled=&#8221;off&#8221; button_letter_spacing__hover_enabled=&#8221;on&#8221; button_letter_spacing__hover=&#8221;5.5px&#8221; button_one_letter_spacing__hover_enabled=&#8221;off&#8221; button_two_letter_spacing__hover_enabled=&#8221;off&#8221; button_bg_color__hover_enabled=&#8221;off&#8221; button_one_bg_color__hover_enabled=&#8221;off&#8221; button_two_bg_color__hover_enabled=&#8221;off&#8221;][\/et_pb_button][\/et_pb_column][\/et_pb_row][et_pb_row _builder_version=&#8221;3.25&#8243; global_colors_info=&#8221;{}&#8221;][et_pb_column type=&#8221;4_4&#8243; _builder_version=&#8221;3.25&#8243; custom_padding=&#8221;|||&#8221; global_colors_info=&#8221;{}&#8221; custom_padding__hover=&#8221;|||&#8221;][et_pb_social_media_follow use_icon_font_size=&#8221;on&#8221; icon_font_size=&#8221;25px&#8221; _builder_version=&#8221;4.0.7&#8243; text_orientation=&#8221;center&#8221; global_colors_info=&#8221;{}&#8221;][et_pb_social_media_follow_network social_network=&#8221;facebook&#8221; url=&#8221;https:\/\/www.facebook.com\/buzzfactory.ch\/&#8221; _builder_version=&#8221;4.0.7&#8243; background_color=&#8221;#3b5998&#8243; global_colors_info=&#8221;{}&#8221; follow_button=&#8221;off&#8221; url_new_window=&#8221;on&#8221;]facebook[\/et_pb_social_media_follow_network] [et_pb_social_media_follow_network social_network=&#8221;linkedin&#8221; url=&#8221;https:\/\/www.linkedin.com\/company\/buzz-factory-sarl\/&#8221; _builder_version=&#8221;4.0.7&#8243; background_color=&#8221;#007bb6&#8243; global_colors_info=&#8221;{}&#8221; follow_button=&#8221;off&#8221; url_new_window=&#8221;on&#8221;]linkedin[\/et_pb_social_media_follow_network][\/et_pb_social_media_follow][\/et_pb_column][\/et_pb_row][\/et_pb_section]<\/p>\n","protected":false},"excerpt":{"rendered":"<p>Ein einzigartiger Bericht: Benchmarkingvon Schweizer Nonprofit Organisationen2021 Top 100: Die einflussreichsten gemeinn\u00fctzigen Organisationen im Internet Was macht diese Schweizer Non-Profit-Organisationen im Internet so erfolgreich? Wie leiten sie die Show? Was haben sie, was andere NGOs nicht haben? Nun, vielleicht stellen Sie sich viele \u00e4hnliche Fragen, die bis zu diesem bahnbrechenden Bericht von Buzz Factory noch [&hellip;]<\/p>\n","protected":false},"author":114,"featured_media":51912,"parent":53500,"menu_order":1,"comment_status":"closed","ping_status":"closed","template":"","meta":{"_et_pb_use_builder":"on","_et_pb_old_content":"","_et_gb_content_width":"","footnotes":""},"class_list":["post-53492","page","type-page","status-publish","has-post-thumbnail","hentry"],"_links":{"self":[{"href":"https:\/\/buzzfactory.ch\/de\/wp-json\/wp\/v2\/pages\/53492","targetHints":{"allow":["GET"]}}],"collection":[{"href":"https:\/\/buzzfactory.ch\/de\/wp-json\/wp\/v2\/pages"}],"about":[{"href":"https:\/\/buzzfactory.ch\/de\/wp-json\/wp\/v2\/types\/page"}],"author":[{"embeddable":true,"href":"https:\/\/buzzfactory.ch\/de\/wp-json\/wp\/v2\/users\/114"}],"replies":[{"embeddable":true,"href":"https:\/\/buzzfactory.ch\/de\/wp-json\/wp\/v2\/comments?post=53492"}],"version-history":[{"count":0,"href":"https:\/\/buzzfactory.ch\/de\/wp-json\/wp\/v2\/pages\/53492\/revisions"}],"up":[{"embeddable":true,"href":"https:\/\/buzzfactory.ch\/de\/wp-json\/wp\/v2\/pages\/53500"}],"wp:featuredmedia":[{"embeddable":true,"href":"https:\/\/buzzfactory.ch\/de\/wp-json\/wp\/v2\/media\/51912"}],"wp:attachment":[{"href":"https:\/\/buzzfactory.ch\/de\/wp-json\/wp\/v2\/media?parent=53492"}],"curies":[{"name":"wp","href":"https:\/\/api.w.org\/{rel}","templated":true}]}}