{"id":53500,"date":"2022-01-11T17:35:34","date_gmt":"2022-01-11T16:35:34","guid":{"rendered":"https:\/\/buzzfactory.ch\/loesungen\/gemeinnuetzige-organisationen\/top-100-schweizer-nonprofits-online-bericht\/"},"modified":"2022-01-12T17:44:45","modified_gmt":"2022-01-12T16:44:45","slug":"top-100-schweizer-nonprofits-online-bericht","status":"publish","type":"page","link":"https:\/\/buzzfactory.ch\/de\/loesungen\/gemeinnuetzige-organisationen\/top-100-schweizer-nonprofits-online-bericht\/","title":{"rendered":"Top 100 Schweizer Nonprofits Online Bericht"},"content":{"rendered":"<p>[et_pb_section fb_built=&#8221;1&#8243; custom_padding_last_edited=&#8221;on|desktop&#8221; admin_label=&#8221;Header&#8221; _builder_version=&#8221;4.14.2&#8243; use_background_color_gradient=&#8221;on&#8221; background_color_gradient_start=&#8221;#8624E1&#8243; background_color_gradient_end=&#8221;#3607A6&#8243; background_color_gradient_direction=&#8221;130deg&#8221; background_color_gradient_start_position=&#8221;25%&#8221; background_image=&#8221;https:\/\/buzzfactory.ch\/wp-content\/uploads\/2020\/06\/3000&#215;911-min-scaled.jpg&#8221; parallax=&#8221;on&#8221; custom_padding=&#8221;7vw||0vw||false|false&#8221; custom_padding_tablet=&#8221;100px||100px||true&#8221; custom_padding_phone=&#8221;||||true&#8221; bottom_divider_height=&#8221;250px&#8221; bottom_divider_flip=&#8221;horizontal&#8221; bottom_divider_height_tablet=&#8221;150px&#8221; bottom_divider_height_phone=&#8221;110px&#8221; bottom_divider_height_last_edited=&#8221;on|phone&#8221; saved_tabs=&#8221;all&#8221; global_colors_info=&#8221;{}&#8221;][et_pb_row _builder_version=&#8221;4.4.8&#8243; background_color=&#8221;rgba(0,0,0,0.48)&#8221; global_colors_info=&#8221;{}&#8221;][et_pb_column type=&#8221;4_4&#8243; _builder_version=&#8221;3.25&#8243; custom_padding=&#8221;|||&#8221; global_colors_info=&#8221;{}&#8221; custom_padding__hover=&#8221;|||&#8221;][et_pb_text _builder_version=&#8221;4.4.8&#8243; text_font=&#8221;Roboto||||||||&#8221; text_font_size=&#8221;16px&#8221; text_line_height=&#8221;1.8em&#8221; header_font=&#8221;Roboto|700|||||||&#8221; header_text_align=&#8221;center&#8221; header_font_size=&#8221;80px&#8221; header_line_height=&#8221;1.2em&#8221; header_3_font=&#8221;Roboto|700||on|||||&#8221; header_3_text_align=&#8221;center&#8221; header_3_text_color=&#8221;#ffffff&#8221; header_3_font_size=&#8221;24px&#8221; header_3_letter_spacing=&#8221;10px&#8221; header_3_line_height=&#8221;2em&#8221; text_orientation=&#8221;center&#8221; background_layout=&#8221;dark&#8221; module_alignment=&#8221;center&#8221; custom_margin=&#8221;-43px|||||&#8221; custom_padding=&#8221;31px|||||&#8221; text_font_size_last_edited=&#8221;off|desktop&#8221; header_font_size_tablet=&#8221;40px&#8221; header_font_size_phone=&#8221;32px&#8221; header_font_size_last_edited=&#8221;on|phone&#8221; header_3_font_size_tablet=&#8221;16px&#8221; header_3_font_size_phone=&#8221;14px&#8221; header_3_font_size_last_edited=&#8221;on|phone&#8221; header_3_letter_spacing_tablet=&#8221;5px&#8221; header_3_letter_spacing_phone=&#8221;&#8221; header_3_letter_spacing_last_edited=&#8221;on|tablet&#8221; global_colors_info=&#8221;{}&#8221;]<\/p>\n<h1>Top 100 Schweizer Nonprofits Online Bericht<\/h1>\n<p>[\/et_pb_text][\/et_pb_column][\/et_pb_row][et_pb_row _builder_version=&#8221;3.27.1&#8243; global_colors_info=&#8221;{}&#8221;][et_pb_column type=&#8221;4_4&#8243; _builder_version=&#8221;3.27.1&#8243; global_colors_info=&#8221;{}&#8221;][et_pb_button button_url=&#8221;@ET-DC@eyJkeW5hbWljIjp0cnVlLCJjb250ZW50IjoicG9zdF9saW5rX3VybF9wYWdlIiwic2V0dGluZ3MiOnsicG9zdF9pZCI6IjQ5Nzc1In19@&#8221; button_text=&#8221;Laden Sie den Bericht herunter&#8221; button_alignment=&#8221;center&#8221; _builder_version=&#8221;4.14.2&#8243; _dynamic_attributes=&#8221;button_url&#8221; custom_button=&#8221;on&#8221; button_text_size=&#8221;14px&#8221; button_text_color=&#8221;#FFFFFF&#8221; button_bg_color=&#8221;#35c367&#8243; button_bg_color_gradient_start=&#8221;#f92c8b&#8221; button_bg_color_gradient_end=&#8221;#b02cd6&#8243; button_bg_color_gradient_direction=&#8221;90deg&#8221; button_border_width=&#8221;0px&#8221; button_border_color=&#8221;rgba(0,0,0,0)&#8221; button_border_radius=&#8221;30px&#8221; button_letter_spacing=&#8221;3px&#8221; button_font=&#8221;Roboto|700||on|||||&#8221; button_icon=&#8221;&#x47;||divi||400&#8243; background_layout=&#8221;dark&#8221; custom_margin=&#8221;|||&#8221; custom_padding=&#8221;18px|34px|18px|34px|true|true&#8221; box_shadow_style=&#8221;preset5&#8243; box_shadow_blur=&#8221;6px&#8221; box_shadow_spread=&#8221;7px&#8221; button_letter_spacing_hover=&#8221;5.5px&#8221; locked=&#8221;off&#8221; global_colors_info=&#8221;{}&#8221; button_text_size__hover_enabled=&#8221;off&#8221; button_text_size__hover=&#8221;null&#8221; button_one_text_size__hover_enabled=&#8221;off&#8221; button_one_text_size__hover=&#8221;null&#8221; button_two_text_size__hover_enabled=&#8221;off&#8221; button_two_text_size__hover=&#8221;null&#8221; button_text_color__hover_enabled=&#8221;off&#8221; button_text_color__hover=&#8221;null&#8221; button_one_text_color__hover_enabled=&#8221;off&#8221; button_one_text_color__hover=&#8221;null&#8221; button_two_text_color__hover_enabled=&#8221;off&#8221; button_two_text_color__hover=&#8221;null&#8221; button_border_width__hover_enabled=&#8221;off&#8221; button_border_width__hover=&#8221;null&#8221; button_one_border_width__hover_enabled=&#8221;off&#8221; button_one_border_width__hover=&#8221;null&#8221; button_two_border_width__hover_enabled=&#8221;off&#8221; button_two_border_width__hover=&#8221;null&#8221; button_border_color__hover_enabled=&#8221;off&#8221; button_border_color__hover=&#8221;null&#8221; button_one_border_color__hover_enabled=&#8221;off&#8221; button_one_border_color__hover=&#8221;null&#8221; button_two_border_color__hover_enabled=&#8221;off&#8221; button_two_border_color__hover=&#8221;null&#8221; button_border_radius__hover_enabled=&#8221;off&#8221; button_border_radius__hover=&#8221;null&#8221; button_one_border_radius__hover_enabled=&#8221;off&#8221; button_one_border_radius__hover=&#8221;null&#8221; button_two_border_radius__hover_enabled=&#8221;off&#8221; button_two_border_radius__hover=&#8221;null&#8221; button_letter_spacing__hover_enabled=&#8221;on&#8221; button_letter_spacing__hover=&#8221;5.5px&#8221; button_one_letter_spacing__hover_enabled=&#8221;off&#8221; button_one_letter_spacing__hover=&#8221;null&#8221; button_two_letter_spacing__hover_enabled=&#8221;off&#8221; button_two_letter_spacing__hover=&#8221;null&#8221; button_bg_color__hover_enabled=&#8221;off&#8221; button_bg_color__hover=&#8221;null&#8221; button_one_bg_color__hover_enabled=&#8221;off&#8221; button_one_bg_color__hover=&#8221;null&#8221; button_two_bg_color__hover_enabled=&#8221;off&#8221; button_two_bg_color__hover=&#8221;null&#8221;][\/et_pb_button][\/et_pb_column][\/et_pb_row][\/et_pb_section][et_pb_section fb_built=&#8221;1&#8243; admin_label=&#8221;Get Started&#8221; _builder_version=&#8221;3.22&#8243; min_height=&#8221;610px&#8221; custom_margin=&#8221;-2px|||||&#8221; custom_padding=&#8221;0px||||false|false&#8221; saved_tabs=&#8221;all&#8221; global_colors_info=&#8221;{}&#8221;][et_pb_row column_structure=&#8221;1_2,1_2&#8243; use_custom_gutter=&#8221;on&#8221; gutter_width=&#8221;2&#8243; _builder_version=&#8221;3.25&#8243; max_width=&#8221;1700px&#8221; custom_margin=&#8221;|||&#8221; custom_padding=&#8221;0px|||&#8221; use_custom_width=&#8221;on&#8221; custom_width_px=&#8221;1700px&#8221; global_colors_info=&#8221;{}&#8221;][et_pb_column type=&#8221;1_2&#8243; _builder_version=&#8221;3.25&#8243; custom_padding=&#8221;|||&#8221; global_colors_info=&#8221;{}&#8221; custom_padding__hover=&#8221;|||&#8221;][et_pb_text _builder_version=&#8221;4.14.2&#8243; text_font=&#8221;||||||||&#8221; text_font_size=&#8221;16px&#8221; text_line_height=&#8221;2em&#8221; ul_font=&#8221;||||||||&#8221; header_font=&#8221;||||||||&#8221; header_2_font=&#8221;Roboto|700|||||||&#8221; header_2_font_size=&#8221;45px&#8221; header_2_line_height=&#8221;1.2em&#8221; header_3_font=&#8221;||||||||&#8221; max_width=&#8221;800px&#8221; max_width_last_edited=&#8221;off|desktop&#8221; module_alignment=&#8221;center&#8221; custom_margin=&#8221;|||&#8221; custom_padding=&#8221;51px|||||&#8221; header_2_font_size_tablet=&#8221;35px&#8221; header_2_font_size_phone=&#8221;28px&#8221; header_2_font_size_last_edited=&#8221;on|desktop&#8221; global_colors_info=&#8221;{}&#8221;]<\/p>\n<h2 style=\"text-align: center;\"><span style=\"font-size: xx-large;\">Der einzige datengest\u00fctzte Bericht aus der Schweiz, der Nonprofit-Organisationen anhand aktueller digitaler Marketing-Metriken untersucht<\/span><\/h2>\n<p style=\"text-align: center;\"><span style=\"font-size: 16px;\"><\/span><\/p>\n<p><span>Was macht diese Schweizer Non-Profit-Organisationen im Internet so erfolgreich? Wie leiten sie die Show? Was haben sie, was andere NGOs nicht haben? Nun, vielleicht stellen Sie sich viele \u00e4hnliche Fragen, die bis zu diesem <strong>bahnbrechenden Bericht<\/strong> von Buzz Factory noch nicht so \u00fcberzeugend beantwortet wurden.<\/span><\/p>\n<blockquote>\n<p><span><em>Unser Hauptziel bei der Erstellung dieses Dokuments ist es, den gesamten<strong>gemeinn\u00fctzigen Sektor dabei zu unterst\u00fctzen, Trends<\/strong>, bew\u00e4hrte Verfahren und Herausforderungen besser zu verstehen. Wir haben f\u00fchrende Organisationen wie das Weltwirtschaftsforum, das <strong>Internationale Olympische Komitee, die IUCN und UN-Organisationen mit Sitz in der Schweiz<\/strong>analysiert, <\/em><\/span><strong>ZEWO-zertifizierte Organisationen, Sportverb\u00e4nde (FIFA, FIBA, etc.)<\/strong>und mehr. <span><em>Wir hoffen, dass dieser Bericht genau aufzeigt, wo jeder heute steht. Au\u00dferdem wollen wir klare Leitlinien f\u00fcr ein erfolgreiches Online-Marketing bereitstellen.<\/em><\/span><\/p>\n<\/blockquote>\n<p><span><\/span><\/p>\n<p><span>Der Bericht untersucht die wichtigsten digitalen Leistungskennzahlen, um eine Rangfolge der Unternehmen in Bezug auf ihre Online-Pr\u00e4senz zu erstellen. Das Endergebnis, das wir als &#8220;<strong>Buzz-Factor<\/strong>&#8221; bezeichnet haben, wird anhand der drei wichtigsten Indikatoren f\u00fcr die Online-Reichweite einer NRO berechnet &#8211; <strong>Domain Authority (DA)<\/strong>, S<strong>ocial Media Engagement<\/strong> und <strong>E-Reputation<\/strong>.<\/span><\/p>\n<p><span><\/span><\/p>\n<p><span><strong>Die Ausgabe 2020 des Top-100-Berichts wurde mehr als 2.000 Mal heruntergeladen.<\/strong> Der Bericht von 2021 enth\u00e4lt weitere wertvolle Daten und Analysen, wie z. B. die Analyseabschnitte \u00fcber die <strong>Top-10-F\u00fchrer bei Domain Authority, Social Media Position und E-Reputation, die<\/strong> <strong>Liste der 20 gr\u00f6\u00dften Aufsteiger und Analyse, unter anderem.<\/strong> <strong><a href=\"https:\/\/buzzfactory.ch\/de\/produkt\/top-100-swiss-nonprofits-online-2021\/\">Dieser ausf\u00fchrliche Bericht<\/a><\/strong> ist daher ein dringend ben\u00f6tigter Einblick in die Schweizer Nonprofit-Branche, den Organisationen nutzen k\u00f6nnen, um ihre Wirkung und Reichweite online zu verbessern. <\/span><\/p>\n<p><span><\/span><\/p>\n<p><span>Der Bericht soll eine Ressource f\u00fcr <strong>gemeinn\u00fctzige Organisationen<\/strong> und private Partner sein, die sie als Grundlage f\u00fcr ihre Strategien in der Welt nach der Pandemie 2021 und dar\u00fcber hinaus nutzen k\u00f6nnen. Die Macher haben sich verpflichtet, die Liste der <strong><a href=\"https:\/\/buzzfactory.ch\/de\/produkt\/top-100-swiss-nonprofits-online-2021\/\">Top 100 Swiss Nonprofits jedes<\/a><\/strong> Jahr <strong>mit neuen Daten und Erkenntnissen zu aktualisieren<\/strong>, damit die Organisationen die Trends in der Branche leicht verfolgen und ihre eigene Leistung mit den digitalen Marktf\u00fchrern messen k\u00f6nnen. <\/span><\/p>\n<p><span><\/span><\/p>\n<p>&nbsp;<\/p>\n<p>[\/et_pb_text][\/et_pb_column][et_pb_column type=&#8221;1_2&#8243; _builder_version=&#8221;3.25&#8243; custom_padding=&#8221;|||&#8221; global_colors_info=&#8221;{}&#8221; custom_padding__hover=&#8221;|||&#8221;][et_pb_gallery gallery_ids=&#8221;51927,51920,51527,51550&#8243; show_title_and_caption=&#8221;off&#8221; _builder_version=&#8221;4.14.2&#8243; custom_padding=&#8221;53px|||||&#8221; global_colors_info=&#8221;{}&#8221;][\/et_pb_gallery][\/et_pb_column][\/et_pb_row][et_pb_row _builder_version=&#8221;4.9.10&#8243; _module_preset=&#8221;default&#8221; global_colors_info=&#8221;{}&#8221;][et_pb_column type=&#8221;4_4&#8243; _builder_version=&#8221;4.9.10&#8243; _module_preset=&#8221;default&#8221; global_colors_info=&#8221;{}&#8221;][et_pb_cta title=&#8221;Warum der Bericht?&#8221; button_url=&#8221;@ET-DC@eyJkeW5hbWljIjp0cnVlLCJjb250ZW50IjoicG9zdF9saW5rX3VybF9wYWdlIiwic2V0dGluZ3MiOnsicG9zdF9pZCI6IjQ5Nzc1In19@&#8221; button_text=&#8221;@ET-DC@eyJkeW5hbWljIjp0cnVlLCJjb250ZW50IjoicG9zdF9saW5rIiwic2V0dGluZ3MiOnsiYmVmb3JlIjoiIiwiYWZ0ZXIiOiIiLCJ0ZXh0IjoiY3VzdG9tIiwiY3VzdG9tX3RleHQiOiJEb3dubG9hZCB0aGUgcmVwb3J0In19@&#8221; _builder_version=&#8221;4.14.2&#8243; _dynamic_attributes=&#8221;button_text,button_url&#8221; _module_preset=&#8221;default&#8221; body_line_height=&#8221;1.3em&#8221; custom_button=&#8221;on&#8221; button_text_color=&#8221;#FFFFFF&#8221; button_bg_color=&#8221;#35c367&#8243; button_border_color=&#8221;#FFFFFF&#8221; button_border_radius=&#8221;20px&#8221; button_icon=&#8221;&#x47;||divi||400&#8243; custom_margin=&#8221;60px|||||&#8221; border_radii=&#8221;on|20px|20px|20px|20px&#8221; locked=&#8221;off&#8221; global_colors_info=&#8221;{}&#8221;]<\/p>\n<h3 style=\"text-align: center;\"><\/h3>\n<h3 style=\"text-align: center;\"><span style=\"font-size: large;\">Wenn Sie eine gemeinn\u00fctzige Organisation leiten oder dort als Marketing- oder Kommunikationsverantwortlicher arbeiten, werden Sie die Veranstaltung sicher nicht verpassen wollen. Warum? Um diese Frage zu beantworten,<strong>ist dieser Bericht einzigartig und datengest\u00fctzt.<\/strong><\/span><\/h3>\n<h3 style=\"text-align: center;\"><span style=\"font-size: large;\">Wir haben wichtige und wertvolle Informationen dar\u00fcber gefunden, wie f\u00fchrende Organisationen in der Schweiz erfolgreich Kampagnen durchf\u00fchren. Hier finden Sie Informationen<strong>\u00fcber Kan\u00e4le, Trends, Priorit\u00e4ten<\/strong>und vieles mehr, die f\u00fcr jedes Unternehmen, das seine Online-Strategie verbessern m\u00f6chte, von entscheidender Bedeutung sind.<\/span><\/h3>\n<p>[\/et_pb_cta][\/et_pb_column][\/et_pb_row][\/et_pb_section][et_pb_section fb_built=&#8221;1&#8243; custom_padding_last_edited=&#8221;on|desktop&#8221; prev_background_color=&#8221;#ffffff&#8221; admin_label=&#8221;Footer&#8221; _builder_version=&#8221;3.27.1&#8243; background_color=&#8221;#ed5b36&#8243; background_color_gradient_direction=&#8221;130deg&#8221; background_enable_image=&#8221;off&#8221; parallax=&#8221;on&#8221; custom_padding=&#8221;11vw||0vw||false|false&#8221; custom_padding_tablet=&#8221;100px||100px||true&#8221; custom_padding_phone=&#8221;||||true&#8221; top_divider_style=&#8221;ramp2&#8243; top_divider_height=&#8221;250px&#8221; top_divider_flip=&#8221;vertical&#8221; top_divider_height_tablet=&#8221;150px&#8221; top_divider_height_phone=&#8221;110px&#8221; top_divider_height_last_edited=&#8221;on|phone&#8221; saved_tabs=&#8221;all&#8221; locked=&#8221;off&#8221; global_colors_info=&#8221;{}&#8221;][et_pb_row module_class=&#8221; et_pb_row_fullwidth&#8221; _builder_version=&#8221;3.25&#8243; width=&#8221;89%&#8221; width_tablet=&#8221;80%&#8221; width_phone=&#8221;&#8221; width_last_edited=&#8221;on|desktop&#8221; max_width=&#8221;89%&#8221; max_width_tablet=&#8221;80%&#8221; max_width_phone=&#8221;&#8221; max_width_last_edited=&#8221;on|desktop&#8221; custom_margin_phone=&#8221;|||&#8221; custom_margin_last_edited=&#8221;off|desktop&#8221; custom_padding=&#8221;|||&#8221; make_fullwidth=&#8221;on&#8221; global_colors_info=&#8221;{}&#8221;][et_pb_column type=&#8221;4_4&#8243; _builder_version=&#8221;3.25&#8243; custom_padding=&#8221;|||&#8221; global_colors_info=&#8221;{}&#8221; custom_padding__hover=&#8221;|||&#8221;][et_pb_text _builder_version=&#8221;3.27.4&#8243; text_font=&#8221;||||||||&#8221; header_font=&#8221;||||||||&#8221; header_2_font=&#8221;Roboto|700|||||||&#8221; header_2_font_size=&#8221;50px&#8221; header_2_line_height=&#8221;1.4em&#8221; header_3_font=&#8221;Roboto|700||on|||||&#8221; header_3_text_align=&#8221;center&#8221; header_3_text_color=&#8221;#ffffff&#8221; header_3_font_size=&#8221;24px&#8221; header_3_letter_spacing=&#8221;5px&#8221; header_3_line_height=&#8221;2em&#8221; text_orientation=&#8221;center&#8221; background_layout=&#8221;dark&#8221; max_width=&#8221;850px&#8221; module_alignment=&#8221;center&#8221; custom_margin=&#8221;|||&#8221; custom_padding=&#8221;|||&#8221; text_font_size_last_edited=&#8221;off|desktop&#8221; header_2_font_size_tablet=&#8221;40px&#8221; header_2_font_size_phone=&#8221;32px&#8221; header_2_font_size_last_edited=&#8221;on|desktop&#8221; header_3_font_size_tablet=&#8221;16px&#8221; header_3_font_size_phone=&#8221;14px&#8221; header_3_font_size_last_edited=&#8221;on|phone&#8221; global_colors_info=&#8221;{}&#8221;]<\/p>\n<h3>Lass uns anfangen<\/h3>\n<h2>Bereit f\u00fcr eine echte Ver\u00e4nderung? Lassen Sie uns diese Sache zusammen aufbauen!<\/h2>\n<p>[\/et_pb_text][et_pb_button button_url=&#8221;https:\/\/buzzfactory.ch\/de\/kontaktiere-uns\/&#8221; button_text=&#8221;Lass uns das machen&#8221; button_alignment=&#8221;center&#8221; _builder_version=&#8221;4.0.7&#8243; custom_button=&#8221;on&#8221; button_text_size=&#8221;14px&#8221; button_text_color=&#8221;#000000&#8243; button_bg_color=&#8221;#ffffff&#8221; button_bg_color_gradient_start=&#8221;#ef5c32&#8243; button_bg_color_gradient_end=&#8221;#ef5c32&#8243; button_bg_color_gradient_direction=&#8221;90deg&#8221; button_border_width=&#8221;0px&#8221; button_border_color=&#8221;rgba(0,0,0,0)&#8221; button_border_radius=&#8221;4px&#8221; button_letter_spacing=&#8221;5px&#8221; button_font=&#8221;Roboto|700||on|||||&#8221; custom_margin=&#8221;|||&#8221; custom_padding=&#8221;18px|34px|18px|34px|true|true&#8221; box_shadow_style=&#8221;preset3&#8243; box_shadow_vertical=&#8221;20px&#8221; box_shadow_blur=&#8221;30px&#8221; box_shadow_spread=&#8221;-10px&#8221; box_shadow_color=&#8221;rgba(247,130,142,0.4)&#8221; button_letter_spacing_hover=&#8221;5.5px&#8221; global_colors_info=&#8221;{}&#8221; button_text_size__hover_enabled=&#8221;off&#8221; button_one_text_size__hover_enabled=&#8221;off&#8221; button_two_text_size__hover_enabled=&#8221;off&#8221; button_text_color__hover_enabled=&#8221;off&#8221; button_one_text_color__hover_enabled=&#8221;off&#8221; button_two_text_color__hover_enabled=&#8221;off&#8221; button_border_width__hover_enabled=&#8221;off&#8221; button_one_border_width__hover_enabled=&#8221;off&#8221; button_two_border_width__hover_enabled=&#8221;off&#8221; button_border_color__hover_enabled=&#8221;off&#8221; button_one_border_color__hover_enabled=&#8221;off&#8221; button_two_border_color__hover_enabled=&#8221;off&#8221; button_border_radius__hover_enabled=&#8221;off&#8221; button_one_border_radius__hover_enabled=&#8221;off&#8221; button_two_border_radius__hover_enabled=&#8221;off&#8221; button_letter_spacing__hover_enabled=&#8221;on&#8221; button_letter_spacing__hover=&#8221;5.5px&#8221; button_one_letter_spacing__hover_enabled=&#8221;off&#8221; button_two_letter_spacing__hover_enabled=&#8221;off&#8221; button_bg_color__hover_enabled=&#8221;off&#8221; button_one_bg_color__hover_enabled=&#8221;off&#8221; button_two_bg_color__hover_enabled=&#8221;off&#8221;][\/et_pb_button][\/et_pb_column][\/et_pb_row][et_pb_row _builder_version=&#8221;3.25&#8243; global_colors_info=&#8221;{}&#8221;][et_pb_column type=&#8221;4_4&#8243; _builder_version=&#8221;3.25&#8243; custom_padding=&#8221;|||&#8221; global_colors_info=&#8221;{}&#8221; custom_padding__hover=&#8221;|||&#8221;][et_pb_social_media_follow use_icon_font_size=&#8221;on&#8221; icon_font_size=&#8221;25px&#8221; _builder_version=&#8221;4.0.7&#8243; text_orientation=&#8221;center&#8221; global_colors_info=&#8221;{}&#8221;][et_pb_social_media_follow_network social_network=&#8221;facebook&#8221; url=&#8221;https:\/\/www.facebook.com\/buzzfactory.ch\/&#8221; _builder_version=&#8221;4.0.7&#8243; background_color=&#8221;#3b5998&#8243; global_colors_info=&#8221;{}&#8221; follow_button=&#8221;off&#8221; url_new_window=&#8221;on&#8221;]facebook[\/et_pb_social_media_follow_network] [et_pb_social_media_follow_network social_network=&#8221;linkedin&#8221; url=&#8221;https:\/\/www.linkedin.com\/company\/buzz-factory-sarl\/&#8221; _builder_version=&#8221;4.0.7&#8243; background_color=&#8221;#007bb6&#8243; global_colors_info=&#8221;{}&#8221; follow_button=&#8221;off&#8221; url_new_window=&#8221;on&#8221;]linkedin[\/et_pb_social_media_follow_network][\/et_pb_social_media_follow][\/et_pb_column][\/et_pb_row][\/et_pb_section]<\/p>\n","protected":false},"excerpt":{"rendered":"<p>Top 100 Schweizer Nonprofits Online BerichtDer einzige datengest\u00fctzte Bericht aus der Schweiz, der Nonprofit-Organisationen anhand aktueller digitaler Marketing-Metriken untersucht Was macht diese Schweizer Non-Profit-Organisationen im Internet so erfolgreich? Wie leiten sie die Show? Was haben sie, was andere NGOs nicht haben? Nun, vielleicht stellen Sie sich viele \u00e4hnliche Fragen, die bis zu diesem bahnbrechenden Bericht [&hellip;]<\/p>\n","protected":false},"author":114,"featured_media":51912,"parent":40863,"menu_order":0,"comment_status":"closed","ping_status":"closed","template":"","meta":{"_et_pb_use_builder":"on","_et_pb_old_content":"","_et_gb_content_width":"","footnotes":""},"class_list":["post-53500","page","type-page","status-publish","has-post-thumbnail","hentry"],"_links":{"self":[{"href":"https:\/\/buzzfactory.ch\/de\/wp-json\/wp\/v2\/pages\/53500","targetHints":{"allow":["GET"]}}],"collection":[{"href":"https:\/\/buzzfactory.ch\/de\/wp-json\/wp\/v2\/pages"}],"about":[{"href":"https:\/\/buzzfactory.ch\/de\/wp-json\/wp\/v2\/types\/page"}],"author":[{"embeddable":true,"href":"https:\/\/buzzfactory.ch\/de\/wp-json\/wp\/v2\/users\/114"}],"replies":[{"embeddable":true,"href":"https:\/\/buzzfactory.ch\/de\/wp-json\/wp\/v2\/comments?post=53500"}],"version-history":[{"count":0,"href":"https:\/\/buzzfactory.ch\/de\/wp-json\/wp\/v2\/pages\/53500\/revisions"}],"up":[{"embeddable":true,"href":"https:\/\/buzzfactory.ch\/de\/wp-json\/wp\/v2\/pages\/40863"}],"wp:featuredmedia":[{"embeddable":true,"href":"https:\/\/buzzfactory.ch\/de\/wp-json\/wp\/v2\/media\/51912"}],"wp:attachment":[{"href":"https:\/\/buzzfactory.ch\/de\/wp-json\/wp\/v2\/media?parent=53500"}],"curies":[{"name":"wp","href":"https:\/\/api.w.org\/{rel}","templated":true}]}}