{"id":44159,"date":"2020-06-22T19:50:12","date_gmt":"2020-06-22T17:50:12","guid":{"rendered":"https:\/\/buzzfactory.ch\/top-100-suisses-a-but-non-lucratif-sur-internet-en-2020\/"},"modified":"2021-08-14T11:03:11","modified_gmt":"2021-08-14T09:03:11","slug":"top-100-suisses-a-but-non-lucratif-sur-internet-en-2020","status":"publish","type":"page","link":"https:\/\/buzzfactory.ch\/fr\/solutions\/a-but-non-lucratif\/rapport-sur-les-100-meilleures-organisations-non-lucratives-suisses-sur-internet\/top-100-suisses-a-but-non-lucratif-sur-internet-en-2020\/","title":{"rendered":"2020 Top 100 suisse des associations \u00e0 but non lucratif sur Internet (rapport en anglais)"},"content":{"rendered":"<p>[et_pb_section fb_built=&#8221;1&#8243; custom_padding_last_edited=&#8221;on|desktop&#8221; admin_label=&#8221;Header&#8221; _builder_version=&#8221;4.4.8&#8243; use_background_color_gradient=&#8221;on&#8221; background_color_gradient_start=&#8221;#8624E1&#8243; background_color_gradient_end=&#8221;#3607A6&#8243; background_color_gradient_direction=&#8221;130deg&#8221; background_color_gradient_start_position=&#8221;25%&#8221; background_image=&#8221;https:\/\/buzzfactory.ch\/wp-content\/uploads\/2020\/06\/3000&#215;911-2020-top-100-swiss-non-profits-min-scaled.jpg&#8221; background_size=&#8221;initial&#8221; background_repeat=&#8221;repeat-y&#8221; custom_padding=&#8221;7vw||0vw||false|false&#8221; custom_padding_tablet=&#8221;100px||100px||true&#8221; custom_padding_phone=&#8221;||||true&#8221; bottom_divider_height=&#8221;250px&#8221; bottom_divider_flip=&#8221;horizontal&#8221; bottom_divider_height_tablet=&#8221;150px&#8221; bottom_divider_height_phone=&#8221;110px&#8221; bottom_divider_height_last_edited=&#8221;on|phone&#8221; saved_tabs=&#8221;all&#8221;][et_pb_row _builder_version=&#8221;4.4.8&#8243; background_color=&#8221;rgba(0,0,0,0.48)&#8221;][et_pb_column type=&#8221;4_4&#8243; _builder_version=&#8221;3.25&#8243; custom_padding=&#8221;|||&#8221; custom_padding__hover=&#8221;|||&#8221;][et_pb_text _builder_version=&#8221;4.4.8&#8243; text_font=&#8221;Roboto||||||||&#8221; text_font_size=&#8221;16px&#8221; text_line_height=&#8221;1.8em&#8221; header_font=&#8221;Roboto|700|||||||&#8221; header_text_align=&#8221;center&#8221; header_font_size=&#8221;80px&#8221; header_line_height=&#8221;1.2em&#8221; header_3_font=&#8221;Roboto|700||on|||||&#8221; header_3_text_align=&#8221;center&#8221; header_3_text_color=&#8221;#ffffff&#8221; header_3_font_size=&#8221;24px&#8221; header_3_letter_spacing=&#8221;10px&#8221; header_3_line_height=&#8221;2em&#8221; text_orientation=&#8221;center&#8221; background_layout=&#8221;dark&#8221; module_alignment=&#8221;center&#8221; custom_margin=&#8221;-43px|||||&#8221; custom_padding=&#8221;31px|||||&#8221; text_font_size_last_edited=&#8221;off|desktop&#8221; header_font_size_tablet=&#8221;40px&#8221; header_font_size_phone=&#8221;32px&#8221; header_font_size_last_edited=&#8221;on|phone&#8221; header_3_font_size_tablet=&#8221;16px&#8221; header_3_font_size_phone=&#8221;14px&#8221; header_3_font_size_last_edited=&#8221;on|phone&#8221; header_3_letter_spacing_tablet=&#8221;5px&#8221; header_3_letter_spacing_phone=&#8221;&#8221; header_3_letter_spacing_last_edited=&#8221;on|tablet&#8221;]<\/p>\n<h1>Analyse comparative du premier rapport sur <br \/>les organismes \u00e0 but non lucratif suisses<\/h1>\n<p>[\/et_pb_text][\/et_pb_column][\/et_pb_row][et_pb_row _builder_version=&#8221;3.27.1&#8243;][et_pb_column type=&#8221;4_4&#8243; _builder_version=&#8221;3.27.1&#8243;][et_pb_button button_url=&#8221;#myanchor&#8221; button_text=&#8221;T\u00e9l\u00e9charger maintenant&#8221; button_alignment=&#8221;center&#8221; _builder_version=&#8221;4.4.8&#8243; custom_button=&#8221;on&#8221; button_text_size=&#8221;14px&#8221; button_text_color=&#8221;#ef5c32&#8243; button_bg_color=&#8221;#ffffff&#8221; button_bg_color_gradient_start=&#8221;#f92c8b&#8221; button_bg_color_gradient_end=&#8221;#b02cd6&#8243; button_bg_color_gradient_direction=&#8221;90deg&#8221; button_border_width=&#8221;0px&#8221; button_border_color=&#8221;rgba(0,0,0,0)&#8221; button_border_radius=&#8221;4px&#8221; button_letter_spacing=&#8221;5px&#8221; button_font=&#8221;Roboto|700||on|||||&#8221; background_layout=&#8221;dark&#8221; custom_margin=&#8221;|||&#8221; custom_padding=&#8221;18px|34px|18px|34px|true|true&#8221; hover_enabled=&#8221;0&#8243; button_letter_spacing_hover=&#8221;5.5px&#8221; locked=&#8221;off&#8221; button_text_size__hover_enabled=&#8221;off&#8221; button_text_size__hover=&#8221;null&#8221; button_one_text_size__hover_enabled=&#8221;off&#8221; button_one_text_size__hover=&#8221;null&#8221; button_two_text_size__hover_enabled=&#8221;off&#8221; button_two_text_size__hover=&#8221;null&#8221; button_text_color__hover_enabled=&#8221;off&#8221; button_text_color__hover=&#8221;null&#8221; button_one_text_color__hover_enabled=&#8221;off&#8221; button_one_text_color__hover=&#8221;null&#8221; button_two_text_color__hover_enabled=&#8221;off&#8221; button_two_text_color__hover=&#8221;null&#8221; button_border_width__hover_enabled=&#8221;off&#8221; button_border_width__hover=&#8221;null&#8221; button_one_border_width__hover_enabled=&#8221;off&#8221; button_one_border_width__hover=&#8221;null&#8221; button_two_border_width__hover_enabled=&#8221;off&#8221; button_two_border_width__hover=&#8221;null&#8221; button_border_color__hover_enabled=&#8221;off&#8221; button_border_color__hover=&#8221;null&#8221; button_one_border_color__hover_enabled=&#8221;off&#8221; button_one_border_color__hover=&#8221;null&#8221; button_two_border_color__hover_enabled=&#8221;off&#8221; button_two_border_color__hover=&#8221;null&#8221; button_border_radius__hover_enabled=&#8221;off&#8221; button_border_radius__hover=&#8221;null&#8221; button_one_border_radius__hover_enabled=&#8221;off&#8221; button_one_border_radius__hover=&#8221;null&#8221; button_two_border_radius__hover_enabled=&#8221;off&#8221; button_two_border_radius__hover=&#8221;null&#8221; button_letter_spacing__hover_enabled=&#8221;on&#8221; button_letter_spacing__hover=&#8221;5.5px&#8221; button_one_letter_spacing__hover_enabled=&#8221;off&#8221; button_one_letter_spacing__hover=&#8221;null&#8221; button_two_letter_spacing__hover_enabled=&#8221;off&#8221; button_two_letter_spacing__hover=&#8221;null&#8221; button_bg_color__hover_enabled=&#8221;off&#8221; button_bg_color__hover=&#8221;null&#8221; button_one_bg_color__hover_enabled=&#8221;off&#8221; button_one_bg_color__hover=&#8221;null&#8221; button_two_bg_color__hover_enabled=&#8221;off&#8221; button_two_bg_color__hover=&#8221;null&#8221; sticky_enabled=&#8221;0&#8243;][\/et_pb_button][\/et_pb_column][\/et_pb_row][\/et_pb_section][et_pb_section fb_built=&#8221;1&#8243; admin_label=&#8221;Get Started&#8221; _builder_version=&#8221;3.22&#8243; min_height=&#8221;610px&#8221; custom_margin=&#8221;-2px|||||&#8221; custom_padding=&#8221;0px||||false|false&#8221; saved_tabs=&#8221;all&#8221;][et_pb_row column_structure=&#8221;1_2,1_2&#8243; use_custom_gutter=&#8221;on&#8221; gutter_width=&#8221;2&#8243; _builder_version=&#8221;3.25&#8243; max_width=&#8221;1700px&#8221; custom_margin=&#8221;|||&#8221; custom_padding=&#8221;0px|||&#8221; use_custom_width=&#8221;on&#8221; custom_width_px=&#8221;1700px&#8221;][et_pb_column type=&#8221;1_2&#8243; _builder_version=&#8221;3.25&#8243; custom_padding=&#8221;|||&#8221; custom_padding__hover=&#8221;|||&#8221;][et_pb_text _builder_version=&#8221;4.4.8&#8243; text_font=&#8221;||||||||&#8221; text_font_size=&#8221;16px&#8221; text_line_height=&#8221;2em&#8221; ul_font=&#8221;||||||||&#8221; header_font=&#8221;||||||||&#8221; header_2_font=&#8221;Roboto|700|||||||&#8221; header_2_font_size=&#8221;45px&#8221; header_2_line_height=&#8221;1.2em&#8221; header_3_font=&#8221;||||||||&#8221; max_width=&#8221;800px&#8221; max_width_last_edited=&#8221;off|desktop&#8221; module_alignment=&#8221;center&#8221; custom_margin=&#8221;|||&#8221; custom_padding=&#8221;51px|||||&#8221; header_2_font_size_tablet=&#8221;35px&#8221; header_2_font_size_phone=&#8221;28px&#8221; header_2_font_size_last_edited=&#8221;on|desktop&#8221;]<\/p>\n<h2 style=\"text-align: center\">Top 100 2020: les organismes sans but lucratif les plus influents sur Internet<\/h2>\n<p style=\"text-align: center\"><span style=\"font-size: 16px\"><\/span><\/p>\n<p><span>Qu&#8217;est-ce qui fait le succ\u00e8s de ces organisations suisses \u00e0 but non lucratif sur Internet ? Comment g\u00e8rent-elles le jeu ? Qu&#8217;est-ce qu&#8217;il y a en eux que les autres ONG n&#8217;ont pas ? Eh bien, vous vous posez certainement les m\u00eames questions dans votre t\u00eate mais vous n\u2019avez pas encore eu les r\u00e9ponses jusqu\u2019\u00e0 ce <strong>rapport r\u00e9volutionnaire<\/strong> de Buzz Factory.<\/span><\/p>\n<blockquote>\n<p><span><em>En cr\u00e9ant ce document, notre principal objectif est <strong>d&#8217;aider l&#8217;ensemble du secteur \u00e0 but non lucratif \u00e0 mieux comprendre les tendances<\/strong>, les meilleures pratiques et les d\u00e9fis. Nous avons analys\u00e9 <strong>les organisations leaders telles que le Forum \u00e9conomique mondial, le Comit\u00e9 international olympique, l&#8217;UICN, les agences des Nations unies bas\u00e9es en Suisse, <\/strong> <\/em><\/span><strong>les organisations certifi\u00e9es ZEWO, les f\u00e9d\u00e9rations sportives (FIFA, FIBA, etc.)<\/strong> et plus encore. <span><em>Nous esp\u00e9rons que ce rapport indiquera la position exacte de chacun en ce moment. Nous avons \u00e9galement pour objectif de fournir des directives claires sur la mani\u00e8re de r\u00e9ussir dans le marketing digital.<\/em><\/span><\/p>\n<\/blockquote>\n<p><span>Si vous dirigez une organisation \u00e0 but non lucratif, ou si vous y travaillez en tant que responsable du marketing ou de la communication, nous sommes certains que vous ne voulez surtout pas manquer cela. Pourquoi ? Pour r\u00e9pondre \u00e0 cette question, Buzz Factory a analys\u00e9 plus de 450 organisations locales et internationales. Nous avons trouv\u00e9 des id\u00e9es cl\u00e9s et des informations pr\u00e9cieuses sur les meilleures pratiques, les outils, les priorit\u00e9s et d\u2019autres r\u00e9ponses que nous avons incluses dans notre rapport intitul\u00e9 <strong>\u00ab Top 100 : Les organisations suisses \u00e0 but non lucratif les plus influentes sur Internet \u00bb<\/strong>. <\/span><\/p>\n<p>[\/et_pb_text][\/et_pb_column][et_pb_column type=&#8221;1_2&#8243; _builder_version=&#8221;3.25&#8243; custom_padding=&#8221;|||&#8221; custom_padding__hover=&#8221;|||&#8221;][et_pb_gallery gallery_ids=&#8221;44050,44059,44062,44065&#8243; show_title_and_caption=&#8221;off&#8221; _builder_version=&#8221;4.4.8&#8243; custom_padding=&#8221;53px|||||&#8221;][\/et_pb_gallery][\/et_pb_column][\/et_pb_row][et_pb_row _builder_version=&#8221;4.9.10&#8243; _module_preset=&#8221;default&#8221;][et_pb_column type=&#8221;4_4&#8243; _builder_version=&#8221;4.9.10&#8243; _module_preset=&#8221;default&#8221;][et_pb_cta title=&#8221;AVERTISSEMENT&#8221; button_url=&#8221;@ET-DC@eyJkeW5hbWljIjp0cnVlLCJjb250ZW50IjoicG9zdF9saW5rX3VybF9wcm9kdWN0Iiwic2V0dGluZ3MiOnsicG9zdF9pZCI6IjUxNTE1In19@&#8221; button_text=&#8221;ACHETER&#8221; _builder_version=&#8221;4.9.10&#8243; _dynamic_attributes=&#8221;button_url&#8221; _module_preset=&#8221;default&#8221; custom_button=&#8221;on&#8221; button_text_color=&#8221;#FFFFFF&#8221; button_bg_color=&#8221;#35c367&#8243; button_border_color=&#8221;#FFFFFF&#8221; custom_margin=&#8221;60px|||||&#8221; hover_enabled=&#8221;0&#8243; border_radii=&#8221;on|20px|20px|20px|20px&#8221; locked=&#8221;off&#8221; button_border_radius=&#8221;20px&#8221; sticky_enabled=&#8221;0&#8243;]<\/p>\n<h3 style=\"text-align: left\"><\/h3>\n<h3 style=\"text-align: left\">Le t\u00e9l\u00e9chargement gratuit du rapport est termin\u00e9. Cependant, vous pouvez toujours y avoir acc\u00e8s dans notre <span style=\"text-decoration: underline;color: #000000\"><span style=\"text-decoration: underline\"><a href=\"https:\/\/buzzfactory.ch\/fr\/ressources\/\" title=\"section ressources\" style=\"color: #000000;text-decoration: underline\">section &#8220;ressources&#8221;<\/a><\/span><\/span> au prix de 60 CHF.<\/h3>\n<p>[\/et_pb_cta][\/et_pb_column][\/et_pb_row][\/et_pb_section][et_pb_section fb_built=&#8221;1&#8243; _builder_version=&#8221;4.4.8&#8243;][et_pb_row _builder_version=&#8221;4.4.8&#8243;][et_pb_column type=&#8221;4_4&#8243; _builder_version=&#8221;4.4.8&#8243;][et_pb_text module_id=&#8221;myanchor&#8221; _builder_version=&#8221;4.4.8&#8243; text_font=&#8221;||||||||&#8221; text_font_size=&#8221;16px&#8221; text_line_height=&#8221;2em&#8221; ul_font=&#8221;||||||||&#8221; header_font=&#8221;||||||||&#8221; header_2_font=&#8221;Roboto|700|||||||&#8221; header_2_font_size=&#8221;45px&#8221; header_2_line_height=&#8221;1.2em&#8221; header_3_font=&#8221;||||||||&#8221; text_orientation=&#8221;center&#8221; max_width=&#8221;800px&#8221; max_width_last_edited=&#8221;off|desktop&#8221; module_alignment=&#8221;center&#8221; custom_margin=&#8221;|||&#8221; custom_padding=&#8221;|||&#8221; header_2_font_size_tablet=&#8221;35px&#8221; header_2_font_size_phone=&#8221;28px&#8221; header_2_font_size_last_edited=&#8221;on|phone&#8221; locked=&#8221;off&#8221;]<\/p>\n<h2><span style=\"color: #000000\">\u00cates-vous dans le top ? Obtenez votre badge!<\/span><\/h2>\n<p><span style=\"color: #000000\"><span>Si votre organisation a \u00e9t\u00e9 class\u00e9e dans notre rapport, n&#8217;h\u00e9sitez pas \u00e0 afficher un badge sur votre site Web. Un exemple de HTML est fourni.<\/span><\/span><\/p>\n<p>[\/et_pb_text][\/et_pb_column][\/et_pb_row][et_pb_row column_structure=&#8221;2_5,3_5&#8243; _builder_version=&#8221;4.4.8&#8243;][et_pb_column type=&#8221;2_5&#8243; _builder_version=&#8221;4.4.8&#8243;][et_pb_image src=&#8221;https:\/\/buzzfactory.ch\/wp-content\/uploads\/2020\/06\/BF_TOP100BADGE-1.png&#8221; alt=&#8221;https:\/\/buzzfactory.ch\/wp-content\/uploads\/2020\/06\/BF_TOP100BADGE.png&#8221; title_text=&#8221;BF_TOP100BADGE&#8221; align=&#8221;center&#8221; _builder_version=&#8221;4.4.8&#8243;][\/et_pb_image][\/et_pb_column][et_pb_column type=&#8221;3_5&#8243; _builder_version=&#8221;4.4.8&#8243;][et_pb_text _builder_version=&#8221;4.4.8&#8243;]<\/p>\n<pre><span>&lt;a href=\"<a href=\"https:\/\/buzzfactory.ch\/fr\/solutions\/a-but-non-lucratif\/rapport-sur-les-100-meilleures-organisations-non-lucratives-suisses-sur-internet\/top-100-suisses-a-but-non-lucratif-sur-internet-en-2020\/\">https:\/\/buzzfactory.ch\/2020-swiss-top-100-nonprofits-on-the-internet\/<\/a>\"&gt;&lt;img src=\"https:\/\/rb.gy\/apvjb4\" style=\"height: 216px; width: 144.6px;\"\/&gt;<\/span><\/pre>\n<p>[\/et_pb_text][\/et_pb_column][\/et_pb_row][\/et_pb_section][et_pb_section fb_built=&#8221;1&#8243; custom_padding_last_edited=&#8221;on|desktop&#8221; prev_background_color=&#8221;#ffffff&#8221; admin_label=&#8221;Footer&#8221; _builder_version=&#8221;3.27.1&#8243; background_color=&#8221;#ed5b36&#8243; background_color_gradient_direction=&#8221;130deg&#8221; background_enable_image=&#8221;off&#8221; parallax=&#8221;on&#8221; custom_padding=&#8221;11vw||0vw||false|false&#8221; custom_padding_tablet=&#8221;100px||100px||true&#8221; custom_padding_phone=&#8221;||||true&#8221; top_divider_style=&#8221;ramp2&#8243; top_divider_height=&#8221;250px&#8221; top_divider_flip=&#8221;vertical&#8221; top_divider_height_tablet=&#8221;150px&#8221; top_divider_height_phone=&#8221;110px&#8221; top_divider_height_last_edited=&#8221;on|phone&#8221; saved_tabs=&#8221;all&#8221; locked=&#8221;off&#8221;][et_pb_row module_class=&#8221; et_pb_row_fullwidth&#8221; _builder_version=&#8221;3.25&#8243; width=&#8221;89%&#8221; width_tablet=&#8221;80%&#8221; width_phone=&#8221;&#8221; width_last_edited=&#8221;on|desktop&#8221; max_width=&#8221;89%&#8221; max_width_tablet=&#8221;80%&#8221; max_width_phone=&#8221;&#8221; max_width_last_edited=&#8221;on|desktop&#8221; custom_margin_phone=&#8221;|||&#8221; custom_margin_last_edited=&#8221;off|desktop&#8221; custom_padding=&#8221;|||&#8221; make_fullwidth=&#8221;on&#8221;][et_pb_column type=&#8221;4_4&#8243; _builder_version=&#8221;3.25&#8243; custom_padding=&#8221;|||&#8221; custom_padding__hover=&#8221;|||&#8221;][et_pb_text _builder_version=&#8221;3.27.4&#8243; text_font=&#8221;||||||||&#8221; header_font=&#8221;||||||||&#8221; header_2_font=&#8221;Roboto|700|||||||&#8221; header_2_font_size=&#8221;50px&#8221; header_2_line_height=&#8221;1.4em&#8221; header_3_font=&#8221;Roboto|700||on|||||&#8221; header_3_text_align=&#8221;center&#8221; header_3_text_color=&#8221;#ffffff&#8221; header_3_font_size=&#8221;24px&#8221; header_3_letter_spacing=&#8221;5px&#8221; header_3_line_height=&#8221;2em&#8221; text_orientation=&#8221;center&#8221; background_layout=&#8221;dark&#8221; max_width=&#8221;850px&#8221; module_alignment=&#8221;center&#8221; custom_margin=&#8221;|||&#8221; custom_padding=&#8221;|||&#8221; text_font_size_last_edited=&#8221;off|desktop&#8221; header_2_font_size_tablet=&#8221;40px&#8221; header_2_font_size_phone=&#8221;32px&#8221; header_2_font_size_last_edited=&#8221;on|desktop&#8221; header_3_font_size_tablet=&#8221;16px&#8221; header_3_font_size_phone=&#8221;14px&#8221; header_3_font_size_last_edited=&#8221;on|phone&#8221;]<\/p>\n<h3>C&#8217;est parti<\/h3>\n<h2>Pr\u00eat \u00e0 faire un vrai changement ? Construisons votre projet ensemble!<\/h2>\n<p>[\/et_pb_text][et_pb_button button_url=&#8221;https:\/\/buzzfactory.ch\/fr\/contactez-nous\/&#8221; button_text=&#8221;Faisons le&#8221; button_alignment=&#8221;center&#8221; _builder_version=&#8221;4.0.7&#8243; custom_button=&#8221;on&#8221; button_text_size=&#8221;14px&#8221; button_text_color=&#8221;#000000&#8243; button_bg_color=&#8221;#ffffff&#8221; button_bg_color_gradient_start=&#8221;#ef5c32&#8243; button_bg_color_gradient_end=&#8221;#ef5c32&#8243; button_bg_color_gradient_direction=&#8221;90deg&#8221; button_border_width=&#8221;0px&#8221; button_border_color=&#8221;rgba(0,0,0,0)&#8221; button_border_radius=&#8221;4px&#8221; button_letter_spacing=&#8221;5px&#8221; button_font=&#8221;Roboto|700||on|||||&#8221; custom_margin=&#8221;|||&#8221; custom_padding=&#8221;18px|34px|18px|34px|true|true&#8221; box_shadow_style=&#8221;preset3&#8243; box_shadow_vertical=&#8221;20px&#8221; box_shadow_blur=&#8221;30px&#8221; box_shadow_spread=&#8221;-10px&#8221; box_shadow_color=&#8221;rgba(247,130,142,0.4)&#8221; button_letter_spacing_hover=&#8221;5.5px&#8221; button_text_size__hover_enabled=&#8221;off&#8221; button_one_text_size__hover_enabled=&#8221;off&#8221; button_two_text_size__hover_enabled=&#8221;off&#8221; button_text_color__hover_enabled=&#8221;off&#8221; button_one_text_color__hover_enabled=&#8221;off&#8221; button_two_text_color__hover_enabled=&#8221;off&#8221; button_border_width__hover_enabled=&#8221;off&#8221; button_one_border_width__hover_enabled=&#8221;off&#8221; button_two_border_width__hover_enabled=&#8221;off&#8221; button_border_color__hover_enabled=&#8221;off&#8221; button_one_border_color__hover_enabled=&#8221;off&#8221; button_two_border_color__hover_enabled=&#8221;off&#8221; button_border_radius__hover_enabled=&#8221;off&#8221; button_one_border_radius__hover_enabled=&#8221;off&#8221; button_two_border_radius__hover_enabled=&#8221;off&#8221; button_letter_spacing__hover_enabled=&#8221;on&#8221; button_letter_spacing__hover=&#8221;5.5px&#8221; button_one_letter_spacing__hover_enabled=&#8221;off&#8221; button_two_letter_spacing__hover_enabled=&#8221;off&#8221; button_bg_color__hover_enabled=&#8221;off&#8221; button_one_bg_color__hover_enabled=&#8221;off&#8221; button_two_bg_color__hover_enabled=&#8221;off&#8221;][\/et_pb_button][\/et_pb_column][\/et_pb_row][et_pb_row _builder_version=&#8221;3.25&#8243;][et_pb_column type=&#8221;4_4&#8243; _builder_version=&#8221;3.25&#8243; custom_padding=&#8221;|||&#8221; custom_padding__hover=&#8221;|||&#8221;][et_pb_social_media_follow use_icon_font_size=&#8221;on&#8221; icon_font_size=&#8221;25px&#8221; _builder_version=&#8221;4.0.7&#8243; text_orientation=&#8221;center&#8221;][et_pb_social_media_follow_network social_network=&#8221;facebook&#8221; url=&#8221;https:\/\/www.facebook.com\/buzzfactory.ch\/&#8221; _builder_version=&#8221;4.0.7&#8243; background_color=&#8221;#3b5998&#8243; follow_button=&#8221;off&#8221; url_new_window=&#8221;on&#8221;]facebook[\/et_pb_social_media_follow_network] [et_pb_social_media_follow_network social_network=&#8221;linkedin&#8221; url=&#8221;https:\/\/www.linkedin.com\/company\/buzz-factory-sarl\/&#8221; _builder_version=&#8221;4.0.7&#8243; background_color=&#8221;#007bb6&#8243; follow_button=&#8221;off&#8221; url_new_window=&#8221;on&#8221;]LinkedIn[\/et_pb_social_media_follow_network][\/et_pb_social_media_follow][\/et_pb_column][\/et_pb_row][\/et_pb_section]<\/p>\n","protected":false},"excerpt":{"rendered":"<p>Analyse comparative du premier rapport sur les organismes \u00e0 but non lucratif suissesTop 100 2020: les organismes sans but lucratif les plus influents sur Internet Qu&#8217;est-ce qui fait le succ\u00e8s de ces organisations suisses \u00e0 but non lucratif sur Internet ? Comment g\u00e8rent-elles le jeu ? Qu&#8217;est-ce qu&#8217;il y a en eux que les autres [&hellip;]<\/p>\n","protected":false},"author":114,"featured_media":44119,"parent":53508,"menu_order":0,"comment_status":"closed","ping_status":"closed","template":"","meta":{"_et_pb_use_builder":"on","_et_pb_old_content":"","_et_gb_content_width":"","footnotes":""},"class_list":["post-44159","page","type-page","status-publish","has-post-thumbnail","hentry"],"_links":{"self":[{"href":"https:\/\/buzzfactory.ch\/fr\/wp-json\/wp\/v2\/pages\/44159","targetHints":{"allow":["GET"]}}],"collection":[{"href":"https:\/\/buzzfactory.ch\/fr\/wp-json\/wp\/v2\/pages"}],"about":[{"href":"https:\/\/buzzfactory.ch\/fr\/wp-json\/wp\/v2\/types\/page"}],"author":[{"embeddable":true,"href":"https:\/\/buzzfactory.ch\/fr\/wp-json\/wp\/v2\/users\/114"}],"replies":[{"embeddable":true,"href":"https:\/\/buzzfactory.ch\/fr\/wp-json\/wp\/v2\/comments?post=44159"}],"version-history":[{"count":0,"href":"https:\/\/buzzfactory.ch\/fr\/wp-json\/wp\/v2\/pages\/44159\/revisions"}],"up":[{"embeddable":true,"href":"https:\/\/buzzfactory.ch\/fr\/wp-json\/wp\/v2\/pages\/53508"}],"wp:featuredmedia":[{"embeddable":true,"href":"https:\/\/buzzfactory.ch\/fr\/wp-json\/wp\/v2\/media\/44119"}],"wp:attachment":[{"href":"https:\/\/buzzfactory.ch\/fr\/wp-json\/wp\/v2\/media?parent=44159"}],"curies":[{"name":"wp","href":"https:\/\/api.w.org\/{rel}","templated":true}]}}