{"id":53508,"date":"2022-01-11T19:40:40","date_gmt":"2022-01-11T18:40:40","guid":{"rendered":"https:\/\/buzzfactory.ch\/solutions\/a-but-non-lucratif\/rapport-sur-les-100-meilleures-organisations-non-lucratives-suisses-sur-internet\/"},"modified":"2022-01-11T19:40:46","modified_gmt":"2022-01-11T18:40:46","slug":"rapport-sur-les-100-meilleures-organisations-non-lucratives-suisses-sur-internet","status":"publish","type":"page","link":"https:\/\/buzzfactory.ch\/fr\/solutions\/a-but-non-lucratif\/rapport-sur-les-100-meilleures-organisations-non-lucratives-suisses-sur-internet\/","title":{"rendered":"Rapport sur les 100 meilleures organisations non lucratives suisses sur Internet"},"content":{"rendered":"<p>[et_pb_section fb_built=&#8221;1&#8243; custom_padding_last_edited=&#8221;on|desktop&#8221; admin_label=&#8221;Header&#8221; _builder_version=&#8221;4.14.2&#8243; use_background_color_gradient=&#8221;on&#8221; background_color_gradient_start=&#8221;#8624E1&#8243; background_color_gradient_end=&#8221;#3607A6&#8243; background_color_gradient_direction=&#8221;130deg&#8221; background_color_gradient_start_position=&#8221;25%&#8221; background_image=&#8221;https:\/\/buzzfactory.ch\/wp-content\/uploads\/2020\/06\/3000&#215;911-min-scaled.jpg&#8221; parallax=&#8221;on&#8221; custom_padding=&#8221;7vw||0vw||false|false&#8221; custom_padding_tablet=&#8221;100px||100px||true&#8221; custom_padding_phone=&#8221;||||true&#8221; bottom_divider_height=&#8221;250px&#8221; bottom_divider_flip=&#8221;horizontal&#8221; bottom_divider_height_tablet=&#8221;150px&#8221; bottom_divider_height_phone=&#8221;110px&#8221; bottom_divider_height_last_edited=&#8221;on|phone&#8221; saved_tabs=&#8221;all&#8221; global_colors_info=&#8221;{}&#8221;][et_pb_row _builder_version=&#8221;4.4.8&#8243; background_color=&#8221;rgba(0,0,0,0.48)&#8221; global_colors_info=&#8221;{}&#8221;][et_pb_column type=&#8221;4_4&#8243; _builder_version=&#8221;3.25&#8243; custom_padding=&#8221;|||&#8221; global_colors_info=&#8221;{}&#8221; custom_padding__hover=&#8221;|||&#8221;][et_pb_text _builder_version=&#8221;4.4.8&#8243; text_font=&#8221;Roboto||||||||&#8221; text_font_size=&#8221;16px&#8221; text_line_height=&#8221;1.8em&#8221; header_font=&#8221;Roboto|700|||||||&#8221; header_text_align=&#8221;center&#8221; header_font_size=&#8221;80px&#8221; header_line_height=&#8221;1.2em&#8221; header_3_font=&#8221;Roboto|700||on|||||&#8221; header_3_text_align=&#8221;center&#8221; header_3_text_color=&#8221;#ffffff&#8221; header_3_font_size=&#8221;24px&#8221; header_3_letter_spacing=&#8221;10px&#8221; header_3_line_height=&#8221;2em&#8221; text_orientation=&#8221;center&#8221; background_layout=&#8221;dark&#8221; module_alignment=&#8221;center&#8221; custom_margin=&#8221;-43px|||||&#8221; custom_padding=&#8221;31px|||||&#8221; text_font_size_last_edited=&#8221;off|desktop&#8221; header_font_size_tablet=&#8221;40px&#8221; header_font_size_phone=&#8221;32px&#8221; header_font_size_last_edited=&#8221;on|phone&#8221; header_3_font_size_tablet=&#8221;16px&#8221; header_3_font_size_phone=&#8221;14px&#8221; header_3_font_size_last_edited=&#8221;on|phone&#8221; header_3_letter_spacing_tablet=&#8221;5px&#8221; header_3_letter_spacing_phone=&#8221;&#8221; header_3_letter_spacing_last_edited=&#8221;on|tablet&#8221; global_colors_info=&#8221;{}&#8221;]<\/p>\n<h1>Rapport sur les 100 meilleures organisations non lucratives suisses sur Internet<\/h1>\n<p>[\/et_pb_text][\/et_pb_column][\/et_pb_row][et_pb_row _builder_version=&#8221;3.27.1&#8243; global_colors_info=&#8221;{}&#8221;][et_pb_column type=&#8221;4_4&#8243; _builder_version=&#8221;3.27.1&#8243; global_colors_info=&#8221;{}&#8221;][et_pb_button button_url=&#8221;@ET-DC@eyJkeW5hbWljIjp0cnVlLCJjb250ZW50IjoicG9zdF9saW5rX3VybF9wYWdlIiwic2V0dGluZ3MiOnsicG9zdF9pZCI6IjQ5Nzc1In19@&#8221; button_text=&#8221;T\u00e9l\u00e9chargez le rapport&#8221; button_alignment=&#8221;center&#8221; _builder_version=&#8221;4.14.2&#8243; _dynamic_attributes=&#8221;button_url&#8221; custom_button=&#8221;on&#8221; button_text_size=&#8221;14px&#8221; button_text_color=&#8221;#FFFFFF&#8221; button_bg_color=&#8221;#35c367&#8243; button_bg_color_gradient_start=&#8221;#f92c8b&#8221; button_bg_color_gradient_end=&#8221;#b02cd6&#8243; button_bg_color_gradient_direction=&#8221;90deg&#8221; button_border_width=&#8221;0px&#8221; button_border_color=&#8221;rgba(0,0,0,0)&#8221; button_border_radius=&#8221;30px&#8221; button_letter_spacing=&#8221;3px&#8221; button_font=&#8221;Roboto|700||on|||||&#8221; button_icon=&#8221;&#x47;||divi||400&#8243; background_layout=&#8221;dark&#8221; custom_margin=&#8221;|||&#8221; custom_padding=&#8221;18px|34px|18px|34px|true|true&#8221; box_shadow_style=&#8221;preset5&#8243; box_shadow_blur=&#8221;6px&#8221; box_shadow_spread=&#8221;7px&#8221; button_letter_spacing_hover=&#8221;5.5px&#8221; locked=&#8221;off&#8221; global_colors_info=&#8221;{}&#8221; button_text_size__hover_enabled=&#8221;off&#8221; button_text_size__hover=&#8221;null&#8221; button_one_text_size__hover_enabled=&#8221;off&#8221; button_one_text_size__hover=&#8221;null&#8221; button_two_text_size__hover_enabled=&#8221;off&#8221; button_two_text_size__hover=&#8221;null&#8221; button_text_color__hover_enabled=&#8221;off&#8221; button_text_color__hover=&#8221;null&#8221; button_one_text_color__hover_enabled=&#8221;off&#8221; button_one_text_color__hover=&#8221;null&#8221; button_two_text_color__hover_enabled=&#8221;off&#8221; button_two_text_color__hover=&#8221;null&#8221; button_border_width__hover_enabled=&#8221;off&#8221; button_border_width__hover=&#8221;null&#8221; button_one_border_width__hover_enabled=&#8221;off&#8221; button_one_border_width__hover=&#8221;null&#8221; button_two_border_width__hover_enabled=&#8221;off&#8221; button_two_border_width__hover=&#8221;null&#8221; button_border_color__hover_enabled=&#8221;off&#8221; button_border_color__hover=&#8221;null&#8221; button_one_border_color__hover_enabled=&#8221;off&#8221; button_one_border_color__hover=&#8221;null&#8221; button_two_border_color__hover_enabled=&#8221;off&#8221; button_two_border_color__hover=&#8221;null&#8221; button_border_radius__hover_enabled=&#8221;off&#8221; button_border_radius__hover=&#8221;null&#8221; button_one_border_radius__hover_enabled=&#8221;off&#8221; button_one_border_radius__hover=&#8221;null&#8221; button_two_border_radius__hover_enabled=&#8221;off&#8221; button_two_border_radius__hover=&#8221;null&#8221; button_letter_spacing__hover_enabled=&#8221;on&#8221; button_letter_spacing__hover=&#8221;5.5px&#8221; button_one_letter_spacing__hover_enabled=&#8221;off&#8221; button_one_letter_spacing__hover=&#8221;null&#8221; button_two_letter_spacing__hover_enabled=&#8221;off&#8221; button_two_letter_spacing__hover=&#8221;null&#8221; button_bg_color__hover_enabled=&#8221;off&#8221; button_bg_color__hover=&#8221;null&#8221; button_one_bg_color__hover_enabled=&#8221;off&#8221; button_one_bg_color__hover=&#8221;null&#8221; button_two_bg_color__hover_enabled=&#8221;off&#8221; button_two_bg_color__hover=&#8221;null&#8221;][\/et_pb_button][\/et_pb_column][\/et_pb_row][\/et_pb_section][et_pb_section fb_built=&#8221;1&#8243; admin_label=&#8221;Get Started&#8221; _builder_version=&#8221;3.22&#8243; min_height=&#8221;610px&#8221; custom_margin=&#8221;-2px|||||&#8221; custom_padding=&#8221;0px||||false|false&#8221; saved_tabs=&#8221;all&#8221; global_colors_info=&#8221;{}&#8221;][et_pb_row column_structure=&#8221;1_2,1_2&#8243; use_custom_gutter=&#8221;on&#8221; gutter_width=&#8221;2&#8243; _builder_version=&#8221;3.25&#8243; max_width=&#8221;1700px&#8221; custom_margin=&#8221;|||&#8221; custom_padding=&#8221;0px|||&#8221; use_custom_width=&#8221;on&#8221; custom_width_px=&#8221;1700px&#8221; global_colors_info=&#8221;{}&#8221;][et_pb_column type=&#8221;1_2&#8243; _builder_version=&#8221;3.25&#8243; custom_padding=&#8221;|||&#8221; global_colors_info=&#8221;{}&#8221; custom_padding__hover=&#8221;|||&#8221;][et_pb_text _builder_version=&#8221;4.14.2&#8243; text_font=&#8221;||||||||&#8221; text_font_size=&#8221;16px&#8221; text_line_height=&#8221;2em&#8221; ul_font=&#8221;||||||||&#8221; header_font=&#8221;||||||||&#8221; header_2_font=&#8221;Roboto|700|||||||&#8221; header_2_font_size=&#8221;45px&#8221; header_2_line_height=&#8221;1.2em&#8221; header_3_font=&#8221;||||||||&#8221; max_width=&#8221;800px&#8221; max_width_last_edited=&#8221;off|desktop&#8221; module_alignment=&#8221;center&#8221; custom_margin=&#8221;|||&#8221; custom_padding=&#8221;51px|||||&#8221; header_2_font_size_tablet=&#8221;35px&#8221; header_2_font_size_phone=&#8221;28px&#8221; header_2_font_size_last_edited=&#8221;on|desktop&#8221; global_colors_info=&#8221;{}&#8221;]<\/p>\n<h2 style=\"text-align: center\"><span style=\"font-size: xx-large\">Le rapport unique en Suisse, bas\u00e9 sur des donn\u00e9es pr\u00e9cises, qui examine les organisations \u00e0 but non lucratif en utilisant les derniers indicateurs de performance en marketing digital.<\/span><\/h2>\n<p style=\"text-align: center\"><span style=\"font-size: 16px\"><\/span><\/p>\n<p><span>Qu&#8217;est-ce qui fait le succ\u00e8s de ces organisations suisses \u00e0 but non lucratif sur Internet ? Comment g\u00e8rent-elles leur pr\u00e9sence en ligne ? Quelle est la particularit\u00e9 de leur strat\u00e9gie que les autres ONG n\u2019ont pas ? Eh bien, vous vous posez certainement les m\u00eames questions, mais vous n\u2019avez pas encore eu les r\u00e9ponses en effet ce <strong>rapport unique<\/strong>pr\u00e9par\u00e9 par Buzz Factory contient toutes les r\u00e9ponses.<\/span><\/p>\n<blockquote>\n<p><span><em>Notre objectif principal lors de la cr\u00e9ation de ce rapport est d\u2019<strong>aider toutes les organisations \u00e0 but non lucratif, pour mieux comprendre les tendances, les meilleures pratiques et les d\u00e9fis du digital<\/strong>. Nous avons analys\u00e9 <strong>les organisations leaders telles que le Forum \u00e9conomique mondial, le Comit\u00e9 international olympique, l&#8217;UICN, les agences des Nations unies bas\u00e9es en Suisse, <\/strong> <\/em><\/span><strong>les organisations certifi\u00e9es ZEWO, les f\u00e9d\u00e9rations sportives (FIFA, FIBA, etc.)<\/strong> et plus encore. <span><em>Nous esp\u00e9rons que ce rapport indiquera la position actuelle et exacte de chaque organisation. Nous avons \u00e9galement comme objectif de fournir les meilleures pratiques pour r\u00e9ussir une strat\u00e9gie digital.<\/em><\/span><\/p>\n<\/blockquote>\n<p><span><\/span><\/p>\n<p><span>Le rapport examine les principaux indicateurs de performance digitale afin de faire un classement des organisations en fonction de leur pr\u00e9sence et autorit\u00e9 en ligne. Le r\u00e9sultat final, que nous avons invent\u00e9 sous le nom de &#8220;<strong>Buzz Factor<\/strong>&#8220;, est calcul\u00e9 \u00e0 partir des scores des trois indicateurs les plus importants de la pr\u00e9sence en ligne d&#8217;une ONG : l&#8217;<strong>autorit\u00e9 de domaine<\/strong> (DA), l&#8217;<strong>engagement dans les r\u00e9seaux sociaux<\/strong> et l&#8217;<strong>e-r\u00e9putation<\/strong>.<\/span><\/p>\n<p><span><\/span><\/p>\n<p><span><strong>L&#8217;\u00e9dition 2020 du rapport sur le Top 100 a \u00e9t\u00e9 t\u00e9l\u00e9charg\u00e9e plus de 2 000 fois.<\/strong> Cette \u00e9dition 2021 contient plus de donn\u00e9es et d&#8217;analyses pr\u00e9cieuses, telles que <strong>Les 10 premiers leaders en termes d&#8217;autorit\u00e9 de domaine, de positionnement dans les r\u00e9seaux sociaux et d&#8217;e-r\u00e9putation.<\/strong> Liste analyse de la liste des <strong>20 premi\u00e8res organisations<\/strong> qui ont progress\u00e9 en classement. <strong><a href=\"https:\/\/buzzfactory.ch\/fr\/produit\/top-100-swiss-nonprofits-online-2021\/\">Ce rapport approfondi<\/a><\/strong> est donc une fen\u00eatre bien n\u00e9cessaire sur le secteur non lucratif suisse, dont les organisations peuvent tirer parti pour \u00e9largir leur impact et leur pr\u00e9sence en ligne. <\/span><\/p>\n<p><span><\/span><\/p>\n<p><span>Le rapport est destin\u00e9 \u00e0 \u00eatre une <strong>ressource pour les organisations \u00e0 but non lucratif<\/strong>et les partenaires priv\u00e9s afin de les aider \u00e0 \u00e9laborer leurs strat\u00e9gies dans le monde post-pand\u00e9mique pour 2021 et au-del\u00e0. Buzz Factory est engag\u00e9 \u00e0 mettre \u00e0 jour chaque ann\u00e9e la liste du <strong><a href=\"https:\/\/buzzfactory.ch\/fr\/produit\/top-100-swiss-nonprofits-online-2021\/\">Top 100 Organisations \u00e0 but non lucratif Suisse<\/a><\/strong>, en y ajoutant de <strong>nouvelles donn\u00e9es et perspectives<\/strong>, afin que les organisations puissent facilement suivre les tendances du secteur et mesurer leurs propres performances par rapport aux leaders du digital. <\/span><\/p>\n<p><span><\/span><\/p>\n<p>&nbsp;<\/p>\n<p>[\/et_pb_text][\/et_pb_column][et_pb_column type=&#8221;1_2&#8243; _builder_version=&#8221;3.25&#8243; custom_padding=&#8221;|||&#8221; global_colors_info=&#8221;{}&#8221; custom_padding__hover=&#8221;|||&#8221;][et_pb_gallery gallery_ids=&#8221;51926,51919,51526,51549&#8243; show_title_and_caption=&#8221;off&#8221; _builder_version=&#8221;4.14.2&#8243; custom_padding=&#8221;53px|||||&#8221; global_colors_info=&#8221;{}&#8221;][\/et_pb_gallery][\/et_pb_column][\/et_pb_row][et_pb_row _builder_version=&#8221;4.9.10&#8243; _module_preset=&#8221;default&#8221; global_colors_info=&#8221;{}&#8221;][et_pb_column type=&#8221;4_4&#8243; _builder_version=&#8221;4.9.10&#8243; _module_preset=&#8221;default&#8221; global_colors_info=&#8221;{}&#8221;][et_pb_cta title=&#8221;Pourquoi t\u00e9l\u00e9charger le rapport ?&#8221; button_url=&#8221;@ET-DC@eyJkeW5hbWljIjp0cnVlLCJjb250ZW50IjoicG9zdF9saW5rX3VybF9wYWdlIiwic2V0dGluZ3MiOnsicG9zdF9pZCI6IjQ5Nzc1In19@&#8221; button_text=&#8221;@ET-DC@eyJkeW5hbWljIjp0cnVlLCJjb250ZW50IjoicG9zdF9saW5rIiwic2V0dGluZ3MiOnsiYmVmb3JlIjoiIiwiYWZ0ZXIiOiIiLCJ0ZXh0IjoiY3VzdG9tIiwiY3VzdG9tX3RleHQiOiJEb3dubG9hZCB0aGUgcmVwb3J0In19@&#8221; _builder_version=&#8221;4.14.2&#8243; _dynamic_attributes=&#8221;button_text,button_url&#8221; _module_preset=&#8221;default&#8221; body_line_height=&#8221;1.3em&#8221; custom_button=&#8221;on&#8221; button_text_color=&#8221;#FFFFFF&#8221; button_bg_color=&#8221;#35c367&#8243; button_border_color=&#8221;#FFFFFF&#8221; button_border_radius=&#8221;20px&#8221; button_icon=&#8221;&#x47;||divi||400&#8243; custom_margin=&#8221;60px|||||&#8221; border_radii=&#8221;on|20px|20px|20px|20px&#8221; locked=&#8221;off&#8221; global_colors_info=&#8221;{}&#8221;]<\/p>\n<h3 style=\"text-align: center\"><\/h3>\n<h3 style=\"text-align: center\"><span style=\"font-size: large\">Si vous dirigez une organisation \u00e0 but non lucratif, ou si vous \u00eates responsable du marketing ou communication, nous sommes s\u00fbrs que vous ne voudrez pas manquer cette \u00e9dition. Pourquoi ? Pour r\u00e9pondre \u00e0 cette question, <strong>ce unique rapport est fond\u00e9 sur des donn\u00e9es bien pr\u00e9cises<\/strong>.<\/span><\/h3>\n<h3 style=\"text-align: center\"><span style=\"font-size: large\">Nous avons trouv\u00e9 des informations cl\u00e9s et importantes sur la mani\u00e8re dont les organisations leaders en Suisse m\u00e8nent leurs campagnes digitales avec succ\u00e8s. Vous y trouverez des informations sur <strong>les canaux, les tendances, les priorit\u00e9s<\/strong> et bien d&#8217;autres \u00e9l\u00e9ments essentiels pour toute organisation qui souhaite apprendre et perfectionner sa strat\u00e9gie digitale.<\/span><\/h3>\n<p>[\/et_pb_cta][\/et_pb_column][\/et_pb_row][\/et_pb_section][et_pb_section fb_built=&#8221;1&#8243; custom_padding_last_edited=&#8221;on|desktop&#8221; prev_background_color=&#8221;#ffffff&#8221; admin_label=&#8221;Footer&#8221; _builder_version=&#8221;3.27.1&#8243; background_color=&#8221;#ed5b36&#8243; background_color_gradient_direction=&#8221;130deg&#8221; background_enable_image=&#8221;off&#8221; parallax=&#8221;on&#8221; custom_padding=&#8221;11vw||0vw||false|false&#8221; custom_padding_tablet=&#8221;100px||100px||true&#8221; custom_padding_phone=&#8221;||||true&#8221; top_divider_style=&#8221;ramp2&#8243; top_divider_height=&#8221;250px&#8221; top_divider_flip=&#8221;vertical&#8221; top_divider_height_tablet=&#8221;150px&#8221; top_divider_height_phone=&#8221;110px&#8221; top_divider_height_last_edited=&#8221;on|phone&#8221; saved_tabs=&#8221;all&#8221; locked=&#8221;off&#8221; global_colors_info=&#8221;{}&#8221;][et_pb_row module_class=&#8221; et_pb_row_fullwidth&#8221; _builder_version=&#8221;3.25&#8243; width=&#8221;89%&#8221; width_tablet=&#8221;80%&#8221; width_phone=&#8221;&#8221; width_last_edited=&#8221;on|desktop&#8221; max_width=&#8221;89%&#8221; max_width_tablet=&#8221;80%&#8221; max_width_phone=&#8221;&#8221; max_width_last_edited=&#8221;on|desktop&#8221; custom_margin_phone=&#8221;|||&#8221; custom_margin_last_edited=&#8221;off|desktop&#8221; custom_padding=&#8221;|||&#8221; make_fullwidth=&#8221;on&#8221; global_colors_info=&#8221;{}&#8221;][et_pb_column type=&#8221;4_4&#8243; _builder_version=&#8221;3.25&#8243; custom_padding=&#8221;|||&#8221; global_colors_info=&#8221;{}&#8221; custom_padding__hover=&#8221;|||&#8221;][et_pb_text _builder_version=&#8221;3.27.4&#8243; text_font=&#8221;||||||||&#8221; header_font=&#8221;||||||||&#8221; header_2_font=&#8221;Roboto|700|||||||&#8221; header_2_font_size=&#8221;50px&#8221; header_2_line_height=&#8221;1.4em&#8221; header_3_font=&#8221;Roboto|700||on|||||&#8221; header_3_text_align=&#8221;center&#8221; header_3_text_color=&#8221;#ffffff&#8221; header_3_font_size=&#8221;24px&#8221; header_3_letter_spacing=&#8221;5px&#8221; header_3_line_height=&#8221;2em&#8221; text_orientation=&#8221;center&#8221; background_layout=&#8221;dark&#8221; max_width=&#8221;850px&#8221; module_alignment=&#8221;center&#8221; custom_margin=&#8221;|||&#8221; custom_padding=&#8221;|||&#8221; text_font_size_last_edited=&#8221;off|desktop&#8221; header_2_font_size_tablet=&#8221;40px&#8221; header_2_font_size_phone=&#8221;32px&#8221; header_2_font_size_last_edited=&#8221;on|desktop&#8221; header_3_font_size_tablet=&#8221;16px&#8221; header_3_font_size_phone=&#8221;14px&#8221; header_3_font_size_last_edited=&#8221;on|phone&#8221; global_colors_info=&#8221;{}&#8221;]<\/p>\n<h3>C&#8217;est parti<\/h3>\n<h2>Pr\u00eat \u00e0 faire un vrai changement ? Construisons votre projet ensemble!<\/h2>\n<p>[\/et_pb_text][et_pb_button button_url=&#8221;https:\/\/buzzfactory.ch\/fr\/contactez-nous\/&#8221; button_text=&#8221;Faisons le&#8221; button_alignment=&#8221;center&#8221; _builder_version=&#8221;4.0.7&#8243; custom_button=&#8221;on&#8221; button_text_size=&#8221;14px&#8221; button_text_color=&#8221;#000000&#8243; button_bg_color=&#8221;#ffffff&#8221; button_bg_color_gradient_start=&#8221;#ef5c32&#8243; button_bg_color_gradient_end=&#8221;#ef5c32&#8243; button_bg_color_gradient_direction=&#8221;90deg&#8221; button_border_width=&#8221;0px&#8221; button_border_color=&#8221;rgba(0,0,0,0)&#8221; button_border_radius=&#8221;4px&#8221; button_letter_spacing=&#8221;5px&#8221; button_font=&#8221;Roboto|700||on|||||&#8221; custom_margin=&#8221;|||&#8221; custom_padding=&#8221;18px|34px|18px|34px|true|true&#8221; box_shadow_style=&#8221;preset3&#8243; box_shadow_vertical=&#8221;20px&#8221; box_shadow_blur=&#8221;30px&#8221; box_shadow_spread=&#8221;-10px&#8221; box_shadow_color=&#8221;rgba(247,130,142,0.4)&#8221; button_letter_spacing_hover=&#8221;5.5px&#8221; global_colors_info=&#8221;{}&#8221; button_text_size__hover_enabled=&#8221;off&#8221; button_one_text_size__hover_enabled=&#8221;off&#8221; button_two_text_size__hover_enabled=&#8221;off&#8221; button_text_color__hover_enabled=&#8221;off&#8221; button_one_text_color__hover_enabled=&#8221;off&#8221; button_two_text_color__hover_enabled=&#8221;off&#8221; button_border_width__hover_enabled=&#8221;off&#8221; button_one_border_width__hover_enabled=&#8221;off&#8221; button_two_border_width__hover_enabled=&#8221;off&#8221; button_border_color__hover_enabled=&#8221;off&#8221; button_one_border_color__hover_enabled=&#8221;off&#8221; button_two_border_color__hover_enabled=&#8221;off&#8221; button_border_radius__hover_enabled=&#8221;off&#8221; button_one_border_radius__hover_enabled=&#8221;off&#8221; button_two_border_radius__hover_enabled=&#8221;off&#8221; button_letter_spacing__hover_enabled=&#8221;on&#8221; button_letter_spacing__hover=&#8221;5.5px&#8221; button_one_letter_spacing__hover_enabled=&#8221;off&#8221; button_two_letter_spacing__hover_enabled=&#8221;off&#8221; button_bg_color__hover_enabled=&#8221;off&#8221; button_one_bg_color__hover_enabled=&#8221;off&#8221; button_two_bg_color__hover_enabled=&#8221;off&#8221;][\/et_pb_button][\/et_pb_column][\/et_pb_row][et_pb_row _builder_version=&#8221;3.25&#8243; global_colors_info=&#8221;{}&#8221;][et_pb_column type=&#8221;4_4&#8243; _builder_version=&#8221;3.25&#8243; custom_padding=&#8221;|||&#8221; global_colors_info=&#8221;{}&#8221; custom_padding__hover=&#8221;|||&#8221;][et_pb_social_media_follow use_icon_font_size=&#8221;on&#8221; icon_font_size=&#8221;25px&#8221; _builder_version=&#8221;4.0.7&#8243; text_orientation=&#8221;center&#8221; global_colors_info=&#8221;{}&#8221;][et_pb_social_media_follow_network social_network=&#8221;facebook&#8221; url=&#8221;https:\/\/www.facebook.com\/buzzfactory.ch\/&#8221; _builder_version=&#8221;4.0.7&#8243; background_color=&#8221;#3b5998&#8243; global_colors_info=&#8221;{}&#8221; follow_button=&#8221;off&#8221; url_new_window=&#8221;on&#8221;]facebook[\/et_pb_social_media_follow_network] [et_pb_social_media_follow_network social_network=&#8221;linkedin&#8221; url=&#8221;https:\/\/www.linkedin.com\/company\/buzz-factory-sarl\/&#8221; _builder_version=&#8221;4.0.7&#8243; background_color=&#8221;#007bb6&#8243; global_colors_info=&#8221;{}&#8221; follow_button=&#8221;off&#8221; url_new_window=&#8221;on&#8221;]Linkedin[\/et_pb_social_media_follow_network][\/et_pb_social_media_follow][\/et_pb_column][\/et_pb_row][\/et_pb_section]<\/p>\n","protected":false},"excerpt":{"rendered":"<p>Rapport sur les 100 meilleures organisations non lucratives suisses sur InternetLe rapport unique en Suisse, bas\u00e9 sur des donn\u00e9es pr\u00e9cises, qui examine les organisations \u00e0 but non lucratif en utilisant les derniers indicateurs de performance en marketing digital. Qu&#8217;est-ce qui fait le succ\u00e8s de ces organisations suisses \u00e0 but non lucratif sur Internet ? Comment [&hellip;]<\/p>\n","protected":false},"author":114,"featured_media":51911,"parent":38509,"menu_order":0,"comment_status":"closed","ping_status":"closed","template":"","meta":{"_et_pb_use_builder":"on","_et_pb_old_content":"","_et_gb_content_width":"","footnotes":""},"class_list":["post-53508","page","type-page","status-publish","has-post-thumbnail","hentry"],"_links":{"self":[{"href":"https:\/\/buzzfactory.ch\/fr\/wp-json\/wp\/v2\/pages\/53508","targetHints":{"allow":["GET"]}}],"collection":[{"href":"https:\/\/buzzfactory.ch\/fr\/wp-json\/wp\/v2\/pages"}],"about":[{"href":"https:\/\/buzzfactory.ch\/fr\/wp-json\/wp\/v2\/types\/page"}],"author":[{"embeddable":true,"href":"https:\/\/buzzfactory.ch\/fr\/wp-json\/wp\/v2\/users\/114"}],"replies":[{"embeddable":true,"href":"https:\/\/buzzfactory.ch\/fr\/wp-json\/wp\/v2\/comments?post=53508"}],"version-history":[{"count":0,"href":"https:\/\/buzzfactory.ch\/fr\/wp-json\/wp\/v2\/pages\/53508\/revisions"}],"up":[{"embeddable":true,"href":"https:\/\/buzzfactory.ch\/fr\/wp-json\/wp\/v2\/pages\/38509"}],"wp:featuredmedia":[{"embeddable":true,"href":"https:\/\/buzzfactory.ch\/fr\/wp-json\/wp\/v2\/media\/51911"}],"wp:attachment":[{"href":"https:\/\/buzzfactory.ch\/fr\/wp-json\/wp\/v2\/media?parent=53508"}],"curies":[{"name":"wp","href":"https:\/\/api.w.org\/{rel}","templated":true}]}}