{"id":51516,"date":"2021-08-10T10:00:07","date_gmt":"2021-08-10T13:16:07","guid":{"rendered":"https:\/\/buzzfactory.ch\/?post_type=product&#038;p=51516"},"modified":"2021-08-18T16:44:14","modified_gmt":"2021-08-18T14:44:14","slug":"top-100-swiss-nonprofits-online-2020","status":"publish","type":"product","link":"https:\/\/buzzfactory.ch\/fr\/produit\/top-100-swiss-nonprofits-online-2020\/","title":{"rendered":"Top 100 Swiss Nonprofits Online 2020"},"content":{"rendered":"<p>[et_pb_section fb_built=&#8221;1&#8243; _builder_version=&#8221;3.22&#8243; custom_padding=&#8221;0px||||false|false&#8221;][et_pb_row _builder_version=&#8221;3.25&#8243; background_size=&#8221;initial&#8221; background_position=&#8221;top_left&#8221; background_repeat=&#8221;repeat&#8221; width=&#8221;100%&#8221; custom_padding=&#8221;0px||0px||false|false&#8221;][et_pb_column type=&#8221;4_4&#8243; _builder_version=&#8221;3.25&#8243; custom_padding=&#8221;|||&#8221; custom_padding__hover=&#8221;|||&#8221;][et_pb_wc_breadcrumb _builder_version=&#8221;3.0.47&#8243;][\/et_pb_wc_breadcrumb][et_pb_wc_cart_notice _builder_version=&#8221;3.0.47&#8243;][\/et_pb_wc_cart_notice][\/et_pb_column][\/et_pb_row][et_pb_row column_structure=&#8221;1_2,1_2&#8243; _builder_version=&#8221;3.25&#8243; background_size=&#8221;initial&#8221; background_position=&#8221;top_left&#8221; background_repeat=&#8221;repeat&#8221; width=&#8221;100%&#8221; custom_padding=&#8221;0px||||false|false&#8221;][et_pb_column type=&#8221;1_2&#8243; _builder_version=&#8221;3.25&#8243; custom_padding=&#8221;|||&#8221; custom_padding__hover=&#8221;|||&#8221;][et_pb_wc_images _builder_version=&#8221;4.9.10&#8243;][\/et_pb_wc_images][\/et_pb_column][et_pb_column type=&#8221;1_2&#8243; _builder_version=&#8221;3.25&#8243; custom_padding=&#8221;|||&#8221; custom_padding__hover=&#8221;|||&#8221;][et_pb_wc_title _builder_version=&#8221;3.0.47&#8243;][\/et_pb_wc_title][et_pb_wc_rating _builder_version=&#8221;3.0.47&#8243;][\/et_pb_wc_rating][et_pb_wc_price _builder_version=&#8221;3.0.47&#8243;][\/et_pb_wc_price][et_pb_wc_description _builder_version=&#8221;3.0.47&#8243;][\/et_pb_wc_description][et_pb_wc_add_to_cart _builder_version=&#8221;3.0.47&#8243;][\/et_pb_wc_add_to_cart][et_pb_wc_meta _builder_version=&#8221;3.0.47&#8243;][\/et_pb_wc_meta][\/et_pb_column][\/et_pb_row][et_pb_row _builder_version=&#8221;3.25&#8243; background_size=&#8221;initial&#8221; background_position=&#8221;top_left&#8221; background_repeat=&#8221;repeat&#8221; width=&#8221;100%&#8221;][et_pb_column type=&#8221;4_4&#8243; _builder_version=&#8221;3.25&#8243; custom_padding=&#8221;|||&#8221; custom_padding__hover=&#8221;|||&#8221;][et_pb_wc_tabs _builder_version=&#8221;3.0.47&#8243;] [\/et_pb_wc_tabs][et_pb_wc_upsells _builder_version=&#8221;3.0.47&#8243;][\/et_pb_wc_upsells][et_pb_wc_related_products _builder_version=&#8221;3.0.47&#8243;][\/et_pb_wc_related_products][\/et_pb_column][\/et_pb_row][\/et_pb_section]<\/p>\n","protected":false},"excerpt":{"rendered":"<p>Le premier rapport analytique approfondi sur <strong>les 100 meilleures organisations \u00e0 but non lucratif de Suisse en 2020 <\/strong>, qui \u00e9value leurs strat\u00e9gies de marketing sur la base de donn\u00e9es et d&#8217;informations publiques.<\/p>\n","protected":false},"featured_media":51549,"comment_status":"open","ping_status":"closed","template":"","meta":{"_et_pb_use_builder":"on","_et_pb_old_content":"Qu'est-ce qui fait le succ\u00e8s de ces organisations suisses \u00e0 but non lucratif sur Internet ? Comment g\u00e8rent-elles le jeu ? Qu'est-ce qu'il y a en eux que les autres ONG n'ont pas ? Eh bien, vous vous posez certainement les m\u00eames questions dans votre t\u00eate mais vous n\u2019avez pas encore eu les r\u00e9ponses jusqu\u2019\u00e0 ce <strong>rapport r\u00e9volutionnaire<\/strong> de Buzz Factory.\n\nCe rapport a \u00e9t\u00e9 <strong>t\u00e9l\u00e9charg\u00e9 plus de 2000 fois <\/strong>par des organisations \u00e0 but non lucratif et des entreprises.\n<blockquote><em>En cr\u00e9ant ce document, notre principal objectif est <strong>d'aider l'ensemble du secteur \u00e0 but non lucratif \u00e0 mieux comprendre les tendances<\/strong>, les meilleures pratiques et les d\u00e9fis. Nous avons analys\u00e9 <strong>les organisations leaders telles que le Forum \u00e9conomique mondial, le Comit\u00e9 international olympique, l'UICN, les agences des Nations unies bas\u00e9es en Suisse, <\/strong> <\/em><strong>les organisations certifi\u00e9es ZEWO, les f\u00e9d\u00e9rations sportives (FIFA, FIBA, etc.)<\/strong> et plus encore. <em>Nous esp\u00e9rons que ce rapport indiquera la position exacte de chacun en ce moment. Nous avons \u00e9galement pour objectif de fournir des directives claires sur la mani\u00e8re de r\u00e9ussir dans le marketing digital.<\/em><\/blockquote>\nSi vous dirigez une organisation \u00e0 but non lucratif ou y travaillez en tant que responsable marketing ou communication, nous sommes s\u00fbrs que vous ne voulez pas manquer cet \u00e9v\u00e9nement. Pourquoi ? Pour r\u00e9pondre \u00e0 cette question, Buzz Factory a analys\u00e9 plus de 450 organisations locales et internationales. Nous avons trouv\u00e9 des informations cl\u00e9s et des informations pr\u00e9cieuses sur les meilleures pratiques, les outils, les priorit\u00e9s, etc., et nous avons inclus ces informations dans un rapport intitul\u00e9 <strong>\u201cTop 100: Swiss Most Influential Nonprofit Organizations on the Internet\u201d<\/strong>.\n\nCe rapport r\u00e9volutionnaire est <strong>le premier rapport suisse<\/strong> bas\u00e9 sur des donn\u00e9es qui utilise l'analyse actuelle du marketing digital pour \u00e9valuer les organisations \u00e0 but non lucratif.\n\nVoici ce que nous avons inclus dans le rapport :\n<ul>\n \t<li>Dans ce rapport, nous avons analys\u00e9 <strong>plus de 450 organisations <\/strong>leaders en Suisse et collect\u00e9 leurs donn\u00e9es de performance en ligne de janvier \u00e0 mars 2020 en ligne.<\/li>\n \t<li>Nous avons analys\u00e9 les donn\u00e9es de 3 mois (janvier-mars 2020).<\/li>\n \t<li>Nous avons analys\u00e9 plusieurs canaux de m\u00e9dias num\u00e9riques pour compiler les donn\u00e9es permettant de comprendre la trajectoire des principales ONG du pays.<\/li>\n \t<li>En outre, nous avons utilis\u00e9 notre m\u00e9trique globale Buzz Factory pour analyser et mesurer la performance totale.<\/li>\n<\/ul>\nLes donn\u00e9es font partie int\u00e9grante de tout ce que nous faisons ici \u00e0 Buzz Factory. Nous avons examin\u00e9 les donn\u00e9es <strong>d'organisations leaders en Suisse<\/strong>, telles que le Forum \u00e9conomique mondial, le Comit\u00e9 international olympique, l'UICN, les agences de l'ONU bas\u00e9es en Suisse, les organisations certifi\u00e9es ZEWO, les f\u00e9d\u00e9rations sportives (FIFA, FIBA, etc.) et autres.\n\n<strong>Document t\u00e9l\u00e9chargeable au format PDF. Le rapport a \u00e9t\u00e9 r\u00e9dig\u00e9 en anglais et compte 35 pages.<\/strong>\n\n<strong>Table of Contents\n<\/strong>\n<ul>\n \t<li style=\"font-weight: 400\"><span style=\"font-weight: 400\">TOP 100 Organisations p05 <\/span>\n<ul>\n \t<li style=\"font-weight: 400\"><span style=\"font-weight: 400\">Introduction p05 <\/span><\/li>\n<\/ul>\n<\/li>\n \t<li style=\"font-weight: 400\"><span style=\"font-weight: 400\">Methodology p07 <\/span>\n<ul>\n \t<li style=\"font-weight: 400\"><span style=\"font-weight: 400\">Computation of the list p10 <\/span><\/li>\n \t<li style=\"font-weight: 400\"><span style=\"font-weight: 400\">Metrics explained p11 <\/span><\/li>\n<\/ul>\n<\/li>\n \t<li style=\"font-weight: 400\"><span style=\"font-weight: 400\">Digital Impact for Good: Why is it Important? p12 <\/span>\n<ul>\n \t<li style=\"font-weight: 400\"><span style=\"font-weight: 400\">Mastering the digital ecosystem p14 <\/span><\/li>\n \t<li style=\"font-weight: 400\"><span style=\"font-weight: 400\">Social networks: vital for digital presence p14 <\/span><\/li>\n \t<li style=\"font-weight: 400\"><span style=\"font-weight: 400\">Capturing the right audience p14 <\/span><\/li>\n<\/ul>\n<\/li>\n \t<li style=\"font-weight: 400\"><span style=\"font-weight: 400\">Top 100 Organisations p16 <\/span><\/li>\n \t<li style=\"font-weight: 400\"><span style=\"font-weight: 400\">Key takeaways from the leaders p21 <\/span>\n<ul>\n \t<li style=\"font-weight: 400\"><span style=\"font-weight: 400\">Focus on a strong online strategy p24 <\/span><\/li>\n \t<li style=\"font-weight: 400\"><span style=\"font-weight: 400\">Delivering superior user experience p26 <\/span><\/li>\n \t<li style=\"font-weight: 400\"><span style=\"font-weight: 400\">Sheer commitment to excel on social media p28 <\/span><\/li>\n \t<li style=\"font-weight: 400\"><span style=\"font-weight: 400\">Building a strong digital reputation p30 <\/span><\/li>\n<\/ul>\n<\/li>\n \t<li style=\"font-weight: 400\"><span style=\"font-weight: 400\">Embrace the power of digital marketing p32 <\/span><\/li>\n \t<li style=\"font-weight: 400\"><span style=\"font-weight: 400\">to maximize the impact Buzz Factory for your organisation p32<\/span><\/li>\n<\/ul>\n<span class=\"s1\">Le rapport <\/span>a d\u00e9j\u00e0 fait des \u00e9chos dans les circuits \u00e0 but non lucratif, en mettant en \u00e9vidence certaines des organisations impr\u00e9vues qui ont figur\u00e9 sur la liste, et en r\u00e9v\u00e9lant quels grands noms n'ont pas r\u00e9ussi \u00e0 faire une r\u00e9elle impression. Cela dit, les chercheurs et les analystes du rapport ont le m\u00e9rite d'avoir cr\u00e9\u00e9 une ressource permanente aussi pr\u00e9cieuse pour les causes caritatives.","_et_gb_content_width":""},"product_brand":[],"product_cat":[534],"product_tag":[514],"class_list":{"0":"post-51516","1":"product","2":"type-product","3":"status-publish","4":"has-post-thumbnail","6":"product_cat-a-but-non-lucratif","7":"product_tag-buzz-factory-fr","9":"first","10":"instock","11":"downloadable","12":"shipping-taxable","13":"purchasable","14":"product-type-simple"},"_links":{"self":[{"href":"https:\/\/buzzfactory.ch\/fr\/wp-json\/wp\/v2\/product\/51516","targetHints":{"allow":["GET"]}}],"collection":[{"href":"https:\/\/buzzfactory.ch\/fr\/wp-json\/wp\/v2\/product"}],"about":[{"href":"https:\/\/buzzfactory.ch\/fr\/wp-json\/wp\/v2\/types\/product"}],"replies":[{"embeddable":true,"href":"https:\/\/buzzfactory.ch\/fr\/wp-json\/wp\/v2\/comments?post=51516"}],"wp:featuredmedia":[{"embeddable":true,"href":"https:\/\/buzzfactory.ch\/fr\/wp-json\/wp\/v2\/media\/51549"}],"wp:attachment":[{"href":"https:\/\/buzzfactory.ch\/fr\/wp-json\/wp\/v2\/media?parent=51516"}],"wp:term":[{"taxonomy":"product_brand","embeddable":true,"href":"https:\/\/buzzfactory.ch\/fr\/wp-json\/wp\/v2\/product_brand?post=51516"},{"taxonomy":"product_cat","embeddable":true,"href":"https:\/\/buzzfactory.ch\/fr\/wp-json\/wp\/v2\/product_cat?post=51516"},{"taxonomy":"product_tag","embeddable":true,"href":"https:\/\/buzzfactory.ch\/fr\/wp-json\/wp\/v2\/product_tag?post=51516"}],"curies":[{"name":"wp","href":"https:\/\/api.w.org\/{rel}","templated":true}]}}